{"id":7745,"date":"2025-04-03T11:55:25","date_gmt":"2025-04-03T09:55:25","guid":{"rendered":"https:\/\/www.vds-getriebe.at\/vdshtml\/?page_id=7745"},"modified":"2025-04-03T18:46:35","modified_gmt":"2025-04-03T16:46:35","slug":"funktionsbeschreibung-vtp","status":"publish","type":"page","link":"https:\/\/www.vds-getriebe.at\/vdshtml\/funktionsbeschreibung-vtp\/","title":{"rendered":"Funktionsbeschreibung &#8211; VTP"},"content":{"rendered":"<p>[et_pb_section fb_built=&#8220;1&#8243; _builder_version=&#8220;4.23.4&#8243; _module_preset=&#8220;default&#8220; custom_padding=&#8220;||0px|||&#8220; global_colors_info=&#8220;{}&#8220;][et_pb_row _builder_version=&#8220;4.16&#8243; _module_preset=&#8220;default&#8220; module_alignment=&#8220;center&#8220; use_custom_width=&#8220;on&#8220; locked=&#8220;off&#8220; global_colors_info=&#8220;{}&#8220;][et_pb_column type=&#8220;4_4&#8243; _builder_version=&#8220;4.16&#8243; _module_preset=&#8220;default&#8220; custom_padding=&#8220;|||&#8220; global_colors_info=&#8220;{}&#8220; custom_padding__hover=&#8220;|||&#8220;][et_pb_text _builder_version=&#8220;4.23.4&#8243; _module_preset=&#8220;default&#8220; text_font=&#8220;Lato||||||||&#8220; text_font_size=&#8220;20px&#8220; text_line_height=&#8220;1.8em&#8220; header_font=&#8220;||||||||&#8220; header_2_font=&#8220;Teko||||||||&#8220; header_2_font_size=&#8220;81px&#8220; text_orientation=&#8220;center&#8220; max_width=&#8220;700px&#8220; module_alignment=&#8220;center&#8220; custom_margin=&#8220;||0px|&#8220; header_2_font_size_tablet=&#8220;66px&#8220; header_2_font_size_phone=&#8220;36px&#8220; header_2_font_size_last_edited=&#8220;on|phone&#8220; global_colors_info=&#8220;{}&#8220;]<\/p>\n<h2>VTP &#8211; Variable Twin Planet Funktionsbeschreibung<\/h2>\n<p>&nbsp;<\/p>\n<p>[\/et_pb_text][\/et_pb_column][\/et_pb_row][et_pb_row _builder_version=&#8220;4.23.4&#8243; _module_preset=&#8220;default&#8220; global_colors_info=&#8220;{}&#8220;][et_pb_column type=&#8220;4_4&#8243; _builder_version=&#8220;4.23.4&#8243; _module_preset=&#8220;default&#8220; global_colors_info=&#8220;{}&#8220;][dsm_card_carousel _builder_version=&#8220;4.23.4&#8243; _module_preset=&#8220;default&#8220; global_colors_info=&#8220;{}&#8220;][dsm_card_carousel_child image=&#8220;https:\/\/www.vds-getriebe.at\/vdshtml\/wp-content\/uploads\/2023\/11\/VDS_Getriebe_VTP1050.png&#8220; image_as_background=&#8220;off&#8220; button_url_new_window=&#8220;1&#8243; _builder_version=&#8220;4.23.4&#8243; _module_preset=&#8220;default&#8220; global_colors_info=&#8220;{}&#8220; parent_button=&#8220;off&#8220; parent_header_level=&#8220;h4&#8243;][\/dsm_card_carousel_child][dsm_card_carousel_child image=&#8220;https:\/\/www.vds-getriebe.at\/vdshtml\/wp-content\/uploads\/2025\/04\/smallVDS_Getriebe_Header6.png&#8220; image_as_background=&#8220;off&#8220; button_url_new_window=&#8220;1&#8243; _builder_version=&#8220;4.23.4&#8243; _module_preset=&#8220;default&#8220; global_colors_info=&#8220;{}&#8220; parent_button=&#8220;off&#8220; parent_header_level=&#8220;h4&#8243;][\/dsm_card_carousel_child][dsm_card_carousel_child image=&#8220;https:\/\/www.vds-getriebe.at\/vdshtml\/wp-content\/uploads\/2023\/11\/VDS_Getriebe_VTP1400.png&#8220; image_as_background=&#8220;off&#8220; button_url_new_window=&#8220;1&#8243; _builder_version=&#8220;4.23.4&#8243; _module_preset=&#8220;default&#8220; global_colors_info=&#8220;{}&#8220; parent_button=&#8220;off&#8220; parent_header_level=&#8220;h4&#8243;][\/dsm_card_carousel_child][dsm_card_carousel_child image=&#8220;https:\/\/www.vds-getriebe.at\/vdshtml\/wp-content\/uploads\/2025\/04\/VTP1250_Sweeper_20-11-16-4.png&#8220; image_as_background=&#8220;off&#8220; image_width=&#8220;71%&#8220; stretch_image=&#8220;off&#8220; image_alignment=&#8220;right&#8220; button_url_new_window=&#8220;1&#8243; _builder_version=&#8220;4.23.4&#8243; _module_preset=&#8220;default&#8220; global_colors_info=&#8220;{}&#8220; parent_button=&#8220;off&#8220; parent_header_level=&#8220;h4&#8243;][\/dsm_card_carousel_child][dsm_card_carousel_child image=&#8220;https:\/\/www.vds-getriebe.at\/vdshtml\/wp-content\/uploads\/2025\/04\/VTP1750_H2FSI_-11.png&#8220; image_as_background=&#8220;off&#8220; image_width=&#8220;61%&#8220; image_alignment=&#8220;center&#8220; button_url_new_window=&#8220;1&#8243; _builder_version=&#8220;4.23.4&#8243; _module_preset=&#8220;default&#8220; global_colors_info=&#8220;{}&#8220; parent_button=&#8220;off&#8220; parent_header_level=&#8220;h4&#8243;][\/dsm_card_carousel_child][\/dsm_card_carousel][\/et_pb_column][\/et_pb_row][\/et_pb_section][et_pb_section fb_built=&#8220;1&#8243; _builder_version=&#8220;4.27.4&#8243; _module_preset=&#8220;default&#8220; background_enable_image=&#8220;off&#8220; background_size=&#8220;custom&#8220; background_image_width=&#8220;18%&#8220; background_position=&#8220;bottom_left&#8220; background_horizontal_offset=&#8220;97%&#8220; background_vertical_offset=&#8220;90%&#8220; global_colors_info=&#8220;{}&#8220;][et_pb_row _builder_version=&#8220;4.27.0&#8243; _module_preset=&#8220;default&#8220; global_colors_info=&#8220;{}&#8220;][et_pb_column type=&#8220;4_4&#8243; _builder_version=&#8220;4.27.0&#8243; _module_preset=&#8220;default&#8220; global_colors_info=&#8220;{}&#8220;][et_pb_text _builder_version=&#8220;4.27.4&#8243; _module_preset=&#8220;default&#8220; header_2_text_color=&#8220;#8C1218&#8243; header_2_font_size_tablet=&#8220;&#8220; header_2_font_size_phone=&#8220;20px&#8220; header_2_font_size_last_edited=&#8220;on|phone&#8220; global_colors_info=&#8220;{}&#8220;]<\/p>\n<h2><strong>VTP (Variable Twin Planet)<\/strong><\/h2>\n<p>Das patentierte VTP Stufenlosgetriebe wurde mit dem Ziel auf konkurrenzf\u00e4hige Herstellkosten auch bei geringen St\u00fcckzahlen, beste Funktionalit\u00e4t, bestm\u00f6glichen Wirkungsgrad, leichte Adaptierbarkeit auf kundenspezifische Einbaubedingungen und Robustheit und Zuverl\u00e4ssigkeit entwickelt.<\/p>\n<p>Die Anwendungssegmente erstrecken sich von landwirtschaftlichen Arbeitsmaschinen (Traktoren, Sprayer), \u00fcber Kommunal- und Forstfahrzeuge bis zu hochgel\u00e4ndeg\u00e4ngigen Fahrzeugen f\u00fcr extreme Eins\u00e4tze. Es gilt die Aussage \u201eJe schwieriger die Einsatzbedingungen und je h\u00f6her die Effizienzanforderungen, desto mehr Vorteile bringt das VTP- Stufenlosgetriebe\u201c. Im Laufe der vergangenen Jahre wurden Stufenlosgetriebe und komplette Traktor-Triebwerke auf Grundlage des VTP Funktionsprinzips f\u00fcr Eingangsleistungen von 80 bis 320 kW entwickelt.<\/p>\n<p>Die VTP Getriebe sind mit serienm\u00e4\u00dfig verf\u00fcgbaren hydrostatischen Variatoren ausgestattet, hybride Getriebe mit elektrischen Variatoren befinden sich im Erprobungsstadium.<\/p>\n<p>&nbsp;<\/p>\n<p>[\/et_pb_text][et_pb_image src=&#8220;https:\/\/www.vds-getriebe.at\/vdshtml\/wp-content\/uploads\/2025\/04\/VTP_Funktionsbeschreibung_VDSGetriebe.jpg&#8220; title_text=&#8220;VTP_Funktionsbeschreibung_VDSGetriebe&#8220; _builder_version=&#8220;4.27.4&#8243; _module_preset=&#8220;default&#8220; width=&#8220;60%&#8220; width_tablet=&#8220;60%&#8220; width_phone=&#8220;60%&#8220; width_last_edited=&#8220;on|phone&#8220; max_width=&#8220;90%&#8220; module_alignment=&#8220;center&#8220; global_colors_info=&#8220;{}&#8220;][\/et_pb_image][\/et_pb_column][\/et_pb_row][et_pb_row _builder_version=&#8220;4.27.0&#8243; _module_preset=&#8220;default&#8220; global_colors_info=&#8220;{}&#8220;][et_pb_column type=&#8220;4_4&#8243; _builder_version=&#8220;4.27.0&#8243; _module_preset=&#8220;default&#8220; global_colors_info=&#8220;{}&#8220;][et_pb_text _builder_version=&#8220;4.27.4&#8243; _module_preset=&#8220;default&#8220; header_2_text_color=&#8220;#8C1218&#8243; header_2_font_size_tablet=&#8220;20px&#8220; header_2_font_size_phone=&#8220;20px&#8220; header_2_font_size_last_edited=&#8220;on|phone&#8220; global_colors_info=&#8220;{}&#8220;]<\/p>\n<h2><strong>VTP-System \u2013 Variable Twin Planet<\/strong><\/h2>\n<p>Funktionsweise: Der Variable Twin Planet (VTP) definiert eine neue Reihe stufenloser Getriebe (IVT), die nach dem Prinzip der hydrostatisch-mechanischen oder elektro-mechanischen Leistungsverzweigung arbeiten. Um eine hohe Steigf\u00e4higkeit und hohe Zugkr\u00e4fte mit angemessenen Variatorgr\u00f6\u00dfen zu erreichen, kann das Getriebe mit einer, zwei oder drei mechanischen G\u00e4ngen konfiguriert werden, die \u00fcber Lastschaltkupplungen geschaltet werden.<\/p>\n<p>&nbsp;<\/p>\n<p><strong>Hohlrad:<\/strong> Eingehende mechanische Leistung<br \/><strong>Sonnenrad:<\/strong> Angetrieben durch Variator oder hydrostatische bzw. elektrische Leistung<br \/><strong>Tr\u00e4ger:<\/strong> Variable Ausgangsgeschwindigkeit<\/p>\n<p>[\/et_pb_text][et_pb_image src=&#8220;https:\/\/www.vds-getriebe.at\/vdshtml\/wp-content\/uploads\/2025\/04\/VTP_System_VDSGetriebe.jpg&#8220; title_text=&#8220;VTP_System_VDSGetriebe&#8220; _builder_version=&#8220;4.27.4&#8243; _module_preset=&#8220;default&#8220; width=&#8220;50%&#8220; width_tablet=&#8220;50%&#8220; width_phone=&#8220;50%&#8220; width_last_edited=&#8220;on|phone&#8220; max_width=&#8220;86%&#8220; module_alignment=&#8220;center&#8220; global_colors_info=&#8220;{}&#8220;][\/et_pb_image][\/et_pb_column][\/et_pb_row][et_pb_row _builder_version=&#8220;4.27.0&#8243; _module_preset=&#8220;default&#8220; global_colors_info=&#8220;{}&#8220;][et_pb_column type=&#8220;4_4&#8243; _builder_version=&#8220;4.27.0&#8243; _module_preset=&#8220;default&#8220; global_colors_info=&#8220;{}&#8220;][et_pb_text _builder_version=&#8220;4.27.4&#8243; _module_preset=&#8220;default&#8220; header_2_text_color=&#8220;#8C1218&#8243; header_2_font_size_tablet=&#8220;26px&#8220; header_2_font_size_phone=&#8220;20px&#8220; header_2_font_size_last_edited=&#8220;on|desktop&#8220; global_colors_info=&#8220;{}&#8220;]<\/p>\n<h2><strong>System- und Funktionsbeschreibung:<\/strong><\/h2>\n<p>Das Hauptelement des neuartigen VTP-Stufenlosgetriebes ist ein Zwillings-Planetengetriebesatz am Getriebeausgang. Einer der beiden Planetens\u00e4tze ist ein R\u00fcckw\u00e4rts-Planetengetriebe und ist nur bei niedrigen Geschwindigkeiten im reinen Variatorbetrieb (Getriebesatz 2) aktiv, w\u00e4hrend die \u00dcberlagerung von mechanischer und Variatorleistung im Planetensystem 1 erfolgt. Die gew\u00e4hlte Anordnung und die \u00dcbersetzungsverh\u00e4ltnisse in den beiden Planetengetrieben bieten eine hervorragende Steigf\u00e4higkeit mit kleinen Variatoreinheiten sowie eine gro\u00dfe Getriebespannweite mit geringem mechanischen Aufwand. Variatoren wie kompakte Hydraulikeinheiten in R\u00fccken-an-R\u00fccken-Anordnung, separate Hydropumpen und Hydromotoren in einem geschlossenen Kreislauf oder elektrische Variatoren k\u00f6nnen verwendet werden. Bei niedrigen Geschwindigkeiten wird das Fahrzeug nur durch den hydrostatischen Zweig angetrieben. Die Verbindung des Hohlrads H2 mit dem Geh\u00e4use im Planetengetriebesatz 2 \u00fcbertr\u00e4gt die Leistung vom Hydromotor \u00fcber das Sonnenrad S2 und den Planetentr\u00e4ger auf die Antriebsr\u00e4der (siehe Abbildung auf Seite 6). Die Getriebekomponenten im mechanischen Leistungspfad \u00fcbertragen in diesem Betriebsbereich keine Last. Ihre Drehzahlen am Antriebsende werden durch ihre Kupplung im Planetengetriebe 1 und auf der Eingangsseite durch die Kupplung an die Getriebeeingangswelle definiert. Der Planetengetriebesatz 2 hat ein hohes \u00dcbersetzungsverh\u00e4ltnis, um hohe Zugkr\u00e4fte mit kleinen hydrostatischen Einheiten zu erzielen.<\/p>\n<p>Die Drehbewegung der Sonnenr\u00e4der S1 und S2 oder des Planetentr\u00e4gers erzwingt eine Drehzahl am Hohlrad H1, die zu synchronen Drehzahlen f\u00fchrt, wenn die Drehzahl der Sonnenr\u00e4der an den Kupplungen K1 im Vorw\u00e4rtsgang oder an der Kupplung KR im R\u00fcckw\u00e4rtsgang hoch genug ist. Beim Erreichen der Synchronisationsgeschwindigkeit schaltet das System ohne Unterbrechung des Ausgangsdrehmoments und der entsprechenden Zugkraft vom hydrostatischen Antrieb auf den kontinuierlichen Leistungszweig um. Das Schalten erfolgt durch \u00dcberlappen des Schlie\u00dfens der jeweiligen Kupplung und dem anschlie\u00dfenden \u00d6ffnen der Hohlradbremse. Die Kupplungen und Bremsen sind Mehrscheibenmodelle.<\/p>\n<p>[\/et_pb_text][et_pb_image src=&#8220;https:\/\/www.vds-getriebe.at\/vdshtml\/wp-content\/uploads\/2025\/04\/VTP_Arbeitsprinzip_VDSGetriebe.jpg&#8220; title_text=&#8220;VTP_Arbeitsprinzip_VDSGetriebe&#8220; _builder_version=&#8220;4.27.4&#8243; _module_preset=&#8220;default&#8220; width=&#8220;50%&#8220; width_tablet=&#8220;50%&#8220; width_phone=&#8220;100%&#8220; width_last_edited=&#8220;on|phone&#8220; max_width=&#8220;100%&#8220; module_alignment=&#8220;center&#8220; global_colors_info=&#8220;{}&#8220;][\/et_pb_image][\/et_pb_column][\/et_pb_row][et_pb_row _builder_version=&#8220;4.27.0&#8243; _module_preset=&#8220;default&#8220; global_colors_info=&#8220;{}&#8220;][et_pb_column type=&#8220;4_4&#8243; _builder_version=&#8220;4.27.0&#8243; _module_preset=&#8220;default&#8220; global_colors_info=&#8220;{}&#8220;][et_pb_image src=&#8220;https:\/\/www.vds-getriebe.at\/vdshtml\/wp-content\/uploads\/2025\/04\/VTP_PlanetenSatz_VDSGetriebe.jpg&#8220; title_text=&#8220;VTP_PlanetenSatz_VDSGetriebe&#8220; _builder_version=&#8220;4.27.4&#8243; _module_preset=&#8220;default&#8220; width=&#8220;50%&#8220; width_tablet=&#8220;50%&#8220; width_phone=&#8220;100%&#8220; width_last_edited=&#8220;on|desktop&#8220; max_width=&#8220;100%&#8220; module_alignment=&#8220;center&#8220; global_colors_info=&#8220;{}&#8220;][\/et_pb_image][\/et_pb_column][\/et_pb_row][et_pb_row _builder_version=&#8220;4.27.0&#8243; _module_preset=&#8220;default&#8220; global_colors_info=&#8220;{}&#8220;][et_pb_column type=&#8220;4_4&#8243; _builder_version=&#8220;4.27.0&#8243; _module_preset=&#8220;default&#8220; global_colors_info=&#8220;{}&#8220;][et_pb_text _builder_version=&#8220;4.27.0&#8243; _module_preset=&#8220;default&#8220; global_colors_info=&#8220;{}&#8220;]<\/p>\n<p>Nach dem Schalten wird der mechanische Antrieb \u00fcber das Hohlrad H1 \u00fcbertragen, das mit der Getriebeeingangswelle gekoppelt ist und mit konstanter Geschwindigkeit rotiert. Eine kontinuierliche \u00c4nderung der Drehzahl des hydrostatischen Zweigs passt das Gesamt\u00fcbersetzungsverh\u00e4ltnis stufenlos an.<\/p>\n<p>Unmittelbar nach dem Schalten in den Leistungsverzweigungsbereich dreht sich das Sonnenrad im Planetensystem 1 entgegengesetzt zum Hohlrad und reduziert dadurch die Geschwindigkeit des Planetentr\u00e4gers. In diesem Betriebsbereich arbeitet das Getriebe im R\u00fcckw\u00e4rtsbetrieb, was bedeutet, dass der Hydromotor als Pumpe arbeitet und \u00fcber den hydrostatischen Kreislauf wieder in den mechanischen Zweig zur\u00fcckf\u00fchrt. Durch \u00c4ndern des Schwenkwinkels der Hydropumpenschubscheibe wird die Drehzahl des Hydromotors von maximaler Drehzahl gegen die Richtung des Hohlrads \u00fcber den Winkel null bis zur maximalen Drehzahl in derselben Richtung wie das Hohlrad H1 angepasst. Bei einem Schwenkwinkel von null arbeitet das Getriebe mit maximaler Effizienz, da die gesamte Antriebsleistung rein mechanisch \u00fcbertragen wird. Der Hydromotor muss nur den Leistungsverlust ausgleichen, um das Drehmoment des Sonnenrads S1 bei Nullgeschwindigkeit zu unterst\u00fctzen. Bei weiterer Einstellung der Schubscheibe erh\u00f6ht sich die Drehzahl des Sonnenrads S1 in derselben Richtung wie das Hohlrad H1, bis die maximale Fahrgeschwindigkeit im ersten Leistungsverzweigungsbereich erreicht ist. Der Wechsel vom ersten in den zweiten Leistungsverzweigungsbereich erfolgt durch eine Leistungsverschiebung, wobei die Variatoreinheit den Schritt kompensiert.<\/p>\n<p>[\/et_pb_text][et_pb_image src=&#8220;https:\/\/www.vds-getriebe.at\/vdshtml\/wp-content\/uploads\/2025\/04\/VTP_ArbeitsprinzipBeschreibung_VDSGetriebe.jpg&#8220; title_text=&#8220;VTP_ArbeitsprinzipBeschreibung_VDSGetriebe&#8220; _builder_version=&#8220;4.27.0&#8243; _module_preset=&#8220;default&#8220; width_tablet=&#8220;&#8220; width_phone=&#8220;&#8220; width_last_edited=&#8220;on|phone&#8220; module_alignment=&#8220;center&#8220; global_colors_info=&#8220;{}&#8220;][\/et_pb_image][et_pb_text _builder_version=&#8220;4.27.0&#8243; _module_preset=&#8220;default&#8220; global_colors_info=&#8220;{}&#8220;]<\/p>\n<p>Abbildung A zeigt das Verh\u00e4ltnis der Drehzahlen in einem VTP-Getriebe mit einem rein hydrostatischen Fahrbereich bei niedrigen Geschwindigkeiten sowie zwei Leistungsverzweigungsbereichen f\u00fcr die Vorw\u00e4rtsfahrt und einem Leistungsverzweigungsbereich f\u00fcr die R\u00fcckw\u00e4rtsfahrt.<\/p>\n<p>Abbildung B zeigt den Effizienzverlauf in Abh\u00e4ngigkeit von der Fahrgeschwindigkeit bei konstanter Eingabedrehzahl. Auff\u00e4llig sind die charakteristischen \u201eKamelh\u00f6cker\u201c in der Mitte der Leistungsverzweigungsbereiche, wo die gesamte Antriebsleistung rein mechanisch \u00fcbertragen wird und das Getriebe die beste Effizienz bietet.<\/p>\n<p>[\/et_pb_text][et_pb_image src=&#8220;https:\/\/www.vds-getriebe.at\/vdshtml\/wp-content\/uploads\/2025\/04\/VTP_System_VDSGetriebeFahrzeuge.jpg&#8220; title_text=&#8220;VTP_System_VDSGetriebeFahrzeuge&#8220; _builder_version=&#8220;4.27.0&#8243; _module_preset=&#8220;default&#8220; global_colors_info=&#8220;{}&#8220;][\/et_pb_image][et_pb_text _builder_version=&#8220;4.27.4&#8243; _module_preset=&#8220;default&#8220; header_4_text_color=&#8220;#8C1218&#8243; global_colors_info=&#8220;{}&#8220;]<\/p>\n<h4><strong>Signifikante Vorteile:<\/strong><\/h4>\n<ul>\n<li>Sehr gute Wirkungsgradwerte in den Hauptbetriebsbereichen aufgrund des Aufbaus mit Doppelplanetensystem und kleinen Hydrostateinheiten<\/li>\n<li>Permanenter Drehmomentenfluss zwischen Motor und Antriebsr\u00e4dern.<\/li>\n<li>Der Betrieb des Motors erfolgt im optimalen Leistungsbereich.<\/li>\n<li>Volle Zugkraft schon bei geringer Motordrehzahl<\/li>\n<\/ul>\n<p>&nbsp;<\/p>\n<h4><strong>H\u00f6chster Fahrkomfort und sicherer Betrieb:<\/strong><\/h4>\n<ul>\n<li>Sanftes, unterbrechungsfreies Anfahren<\/li>\n<li>Kontinuierlicher Kraftfluss bei Beschleunigung oder Verz\u00f6gerung <\/li>\n<li>Vollautomatisierter Antriebsstrang <\/li>\n<li>Tempomat ist integriert<\/li>\n<li>Kein Abw\u00fcrgen des Motors<\/li>\n<li>Volle Nutzung der Motor- Bremsleistung bei der Verz\u00f6gerung durch gezielte Anpassung der Getriebe\u00fcbersetzung<\/li>\n<\/ul>\n<p>[\/et_pb_text][\/et_pb_column][\/et_pb_row][\/et_pb_section]<\/p>\n","protected":false},"excerpt":{"rendered":"<p>VTP &#8211; Variable Twin Planet Funktionsbeschreibung &nbsp;<div class=\"et_pb_module dsm_card_carousel dsm_card_carousel_0 dsm_card_carousel_layout_stacked  dsm_card_carousel_arrow_outside dsm_card_carousel_arrow_mobile_inside\">\n\t\t\t\t\n\t\t\t\t\n\t\t\t\t\n\t\t\t\t\n\t\t\t\t\n\t\t\t\t\n\t\t\t\t<div class=\"et_pb_module_inner\">\n\t\t\t\t\t\n\t\t\t\n\t\t\t<div class=\"swiper-container dsm_card_carousel_wrapper\" dir=\"ltr\" data-params=\"[{&quot;direction&quot;:&quot;horizontal&quot;,&quot;effect&quot;:&quot;default&quot;,&quot;slider_effect_shadows&quot;:false,&quot;slider_effect_coverflow_rotate&quot;:&quot;30&quot;,&quot;slider_effect_coverflow_depth&quot;:&quot;0&quot;,&quot;loop&quot;:true,&quot;infinite_smooth_scrolling&quot;:false,&quot;slide_to_show&quot;:&quot;3&quot;,&quot;slide_to_show_tablet&quot;:&quot;1&quot;,&quot;slide_to_show_phone&quot;:&quot;1&quot;,&quot;slide_to_scroll&quot;:&quot;1&quot;,&quot;slide_to_scroll_tablet&quot;:&quot;1&quot;,&quot;slide_to_scroll_phone&quot;:&quot;1&quot;,&quot;space_between&quot;:&quot;15&quot;,&quot;space_between_tablet&quot;:&quot;15&quot;,&quot;space_between_phone&quot;:&quot;15&quot;,&quot;centered_slides&quot;:false,&quot;multiple_slide_row&quot;:&quot;off&quot;,&quot;slide_row&quot;:&quot;1&quot;,&quot;slide_row_tablet&quot;:&quot;1&quot;,&quot;slide_row_phone&quot;:&quot;1&quot;,&quot;speed&quot;:&quot;300&quot;,&quot;autoplay&quot;:true,&quot;autoplay_speed&quot;:&quot;3000&quot;,&quot;autoplay_viewport&quot;:&quot;80%&quot;,&quot;touch_move&quot;:true,&quot;grab&quot;:true,&quot;pause_on_hover&quot;:false,&quot;mousewheel&quot;:false,&quot;auto_height&quot;:false,&quot;equal_height&quot;:false,&quot;equal_height_tablet&quot;:true,&quot;equal_height_phone&quot;:true}]\">\n\t\t\t<div class=\"swiper-wrapper\"><div class=\"dsm_card_carousel_child dsm_card_carousel_child_0 swiper-slide\">\n\t\t\t\t\n\t\t\t\t\n\t\t\t\t\n\t\t\t\t\n\t\t\t\t\n\t\t\t\t\n\t\t\t\t<div class=\"et_pb_module_inner\">\n\t\t\t\t\t\n\t\t\t\n\t\t\t<figure class=\"dsm_card_carousel_child_image_wrapper dsm_card_carousel_child_badge_top_right\"><img decoding=\"async\" src=\"https:\/\/www.vds-getriebe.at\/vdshtml\/wp-content\/uploads\/2023\/11\/VDS_Getriebe_VTP1050.png\" alt=\"\" srcset=\"https:\/\/www.vds-getriebe.at\/vdshtml\/wp-content\/uploads\/2023\/11\/VDS_Getriebe_VTP1050.png 461w, https:\/\/www.vds-getriebe.at\/vdshtml\/wp-content\/uploads\/2023\/11\/VDS_Getriebe_VTP1050-300x193.png 300w\" sizes=\"(max-width: 461px) 100vw, 461px\" class=\"dsm_card_carousel_child_img  dsm_card_carousel_image_stretch skip-lazy\" \/><\/figure>\n\t\t\t\n\t\t\t\t<\/div>\n\t\t\t<\/div><div class=\"dsm_card_carousel_child dsm_card_carousel_child_1 swiper-slide\">\n\t\t\t\t\n\t\t\t\t\n\t\t\t\t\n\t\t\t\t\n\t\t\t\t\n\t\t\t\t\n\t\t\t\t<div class=\"et_pb_module_inner\">\n\t\t\t\t\t\n\t\t\t\n\t\t\t<figure class=\"dsm_card_carousel_child_image_wrapper dsm_card_carousel_child_badge_top_right\"><img decoding=\"async\" src=\"https:\/\/www.vds-getriebe.at\/vdshtml\/wp-content\/uploads\/2025\/04\/smallVDS_Getriebe_Header6.png\" alt=\"\" srcset=\"https:\/\/www.vds-getriebe.at\/vdshtml\/wp-content\/uploads\/2025\/04\/smallVDS_Getriebe_Header6.png 600w, https:\/\/www.vds-getriebe.at\/vdshtml\/wp-content\/uploads\/2025\/04\/smallVDS_Getriebe_Header6-480x287.png 480w\" sizes=\"(min-width: 0px) and (max-width: 480px) 480px, (min-width: 481px) 600px, 100vw\" class=\"dsm_card_carousel_child_img  dsm_card_carousel_image_stretch skip-lazy\" \/><\/figure>\n\t\t\t\n\t\t\t\t<\/div>\n\t\t\t<\/div><div class=\"dsm_card_carousel_child dsm_card_carousel_child_2 swiper-slide\">\n\t\t\t\t\n\t\t\t\t\n\t\t\t\t\n\t\t\t\t\n\t\t\t\t\n\t\t\t\t\n\t\t\t\t<div class=\"et_pb_module_inner\">\n\t\t\t\t\t\n\t\t\t\n\t\t\t<figure class=\"dsm_card_carousel_child_image_wrapper dsm_card_carousel_child_badge_top_right\"><img decoding=\"async\" src=\"https:\/\/www.vds-getriebe.at\/vdshtml\/wp-content\/uploads\/2023\/11\/VDS_Getriebe_VTP1400.png\" alt=\"\" srcset=\"https:\/\/www.vds-getriebe.at\/vdshtml\/wp-content\/uploads\/2023\/11\/VDS_Getriebe_VTP1400.png 810w, https:\/\/www.vds-getriebe.at\/vdshtml\/wp-content\/uploads\/2023\/11\/VDS_Getriebe_VTP1400-480x308.png 480w\" sizes=\"(min-width: 0px) and (max-width: 480px) 480px, (min-width: 481px) 810px, 100vw\" class=\"dsm_card_carousel_child_img  dsm_card_carousel_image_stretch skip-lazy\" \/><\/figure>\n\t\t\t\n\t\t\t\t<\/div>\n\t\t\t<\/div><div class=\"dsm_card_carousel_child dsm_card_carousel_child_3 swiper-slide\">\n\t\t\t\t\n\t\t\t\t\n\t\t\t\t\n\t\t\t\t\n\t\t\t\t\n\t\t\t\t\n\t\t\t\t<div class=\"et_pb_module_inner\">\n\t\t\t\t\t\n\t\t\t\n\t\t\t<figure class=\"dsm_card_carousel_child_image_wrapper dsm_card_carousel_child_badge_top_right\"><img decoding=\"async\" src=\"https:\/\/www.vds-getriebe.at\/vdshtml\/wp-content\/uploads\/2025\/04\/VTP1250_Sweeper_20-11-16-4.png\" alt=\"\" srcset=\"https:\/\/www.vds-getriebe.at\/vdshtml\/wp-content\/uploads\/2025\/04\/VTP1250_Sweeper_20-11-16-4.png 850w, https:\/\/www.vds-getriebe.at\/vdshtml\/wp-content\/uploads\/2025\/04\/VTP1250_Sweeper_20-11-16-4-480x480.png 480w\" sizes=\"(min-width: 0px) and (max-width: 480px) 480px, (min-width: 481px) 850px, 100vw\" class=\"dsm_card_carousel_child_img  skip-lazy\" \/><\/figure>\n\t\t\t\n\t\t\t\t<\/div>\n\t\t\t<\/div><div class=\"dsm_card_carousel_child dsm_card_carousel_child_4 swiper-slide\">\n\t\t\t\t\n\t\t\t\t\n\t\t\t\t\n\t\t\t\t\n\t\t\t\t\n\t\t\t\t\n\t\t\t\t<div class=\"et_pb_module_inner\">\n\t\t\t\t\t\n\t\t\t\n\t\t\t<figure class=\"dsm_card_carousel_child_image_wrapper dsm_card_carousel_child_badge_top_right\"><img decoding=\"async\" src=\"https:\/\/www.vds-getriebe.at\/vdshtml\/wp-content\/uploads\/2025\/04\/VTP1750_H2FSI_-11.png\" alt=\"\" srcset=\"https:\/\/www.vds-getriebe.at\/vdshtml\/wp-content\/uploads\/2025\/04\/VTP1750_H2FSI_-11.png 850w, https:\/\/www.vds-getriebe.at\/vdshtml\/wp-content\/uploads\/2025\/04\/VTP1750_H2FSI_-11-480x480.png 480w\" sizes=\"(min-width: 0px) and (max-width: 480px) 480px, (min-width: 481px) 850px, 100vw\" class=\"dsm_card_carousel_child_img  dsm_card_carousel_image_stretch skip-lazy\" \/><\/figure>\n\t\t\t\n\t\t\t\t<\/div>\n\t\t\t<\/div><\/div>\n\t\t\t<\/div><div class=\"swiper-button-prev dsm_card_carousel_arrow\" data-icon=\"4\"><\/div><div class=\"swiper-button-next dsm_card_carousel_arrow\" data-icon=\"5\"><\/div><div class=\"swiper-pagination dsm_card_carousel_pagination\"><\/div>\n\t\t\t\t<\/div>\n\t\t\t<\/div>VTP (Variable Twin Planet) Das patentierte VTP Stufenlosgetriebe wurde mit dem Ziel auf konkurrenzf\u00e4hige Herstellkosten auch bei geringen St\u00fcckzahlen, beste Funktionalit\u00e4t, bestm\u00f6glichen Wirkungsgrad, leichte Adaptierbarkeit auf kundenspezifische Einbaubedingungen und Robustheit und Zuverl\u00e4ssigkeit entwickelt. Die Anwendungssegmente erstrecken sich von landwirtschaftlichen Arbeitsmaschinen (Traktoren, Sprayer), \u00fcber Kommunal- und Forstfahrzeuge bis zu hochgel\u00e4ndeg\u00e4ngigen Fahrzeugen f\u00fcr extreme Eins\u00e4tze. Es gilt die Aussage \u201eJe schwieriger die Einsatzbedingungen und je h\u00f6her die Effizienzanforderungen, desto mehr Vorteile bringt das VTP- Stufenlosgetriebe\u201c. Im Laufe der vergangenen Jahre wurden Stufenlosgetriebe und komplette Traktor-Triebwerke auf Grundlage des VTP Funktionsprinzips f\u00fcr Eingangsleistungen von 80 bis 320 kW entwickelt. Die VTP Getriebe sind mit serienm\u00e4\u00dfig verf\u00fcgbaren hydrostatischen Variatoren ausgestattet, hybride Getriebe mit elektrischen Variatoren befinden sich im Erprobungsstadium. &nbsp;VTP-System \u2013 Variable Twin Planet Funktionsweise: Der Variable Twin Planet (VTP) definiert eine neue Reihe stufenloser Getriebe (IVT), die nach dem Prinzip der hydrostatisch-mechanischen oder elektro-mechanischen Leistungsverzweigung arbeiten. Um eine hohe [&hellip;]<\/p>\n","protected":false},"author":2,"featured_media":0,"parent":0,"menu_order":0,"comment_status":"closed","ping_status":"closed","template":"","meta":{"_et_pb_use_builder":"on","_et_pb_old_content":"<!-- wp:divi\/placeholder \/-->","_et_gb_content_width":"","footnotes":""},"class_list":["post-7745","page","type-page","status-publish","hentry"],"_links":{"self":[{"href":"https:\/\/www.vds-getriebe.at\/vdshtml\/wp-json\/wp\/v2\/pages\/7745","targetHints":{"allow":["GET"]}}],"collection":[{"href":"https:\/\/www.vds-getriebe.at\/vdshtml\/wp-json\/wp\/v2\/pages"}],"about":[{"href":"https:\/\/www.vds-getriebe.at\/vdshtml\/wp-json\/wp\/v2\/types\/page"}],"author":[{"embeddable":true,"href":"https:\/\/www.vds-getriebe.at\/vdshtml\/wp-json\/wp\/v2\/users\/2"}],"replies":[{"embeddable":true,"href":"https:\/\/www.vds-getriebe.at\/vdshtml\/wp-json\/wp\/v2\/comments?post=7745"}],"version-history":[{"count":9,"href":"https:\/\/www.vds-getriebe.at\/vdshtml\/wp-json\/wp\/v2\/pages\/7745\/revisions"}],"predecessor-version":[{"id":8107,"href":"https:\/\/www.vds-getriebe.at\/vdshtml\/wp-json\/wp\/v2\/pages\/7745\/revisions\/8107"}],"wp:attachment":[{"href":"https:\/\/www.vds-getriebe.at\/vdshtml\/wp-json\/wp\/v2\/media?parent=7745"}],"curies":[{"name":"wp","href":"https:\/\/api.w.org\/{rel}","templated":true}]}}