{"id":7751,"date":"2025-04-03T11:58:50","date_gmt":"2025-04-03T09:58:50","guid":{"rendered":"https:\/\/www.vds-getriebe.at\/vdshtml\/?page_id=7751"},"modified":"2025-04-08T15:21:12","modified_gmt":"2025-04-08T13:21:12","slug":"funktionsbeschreibung-vrp","status":"publish","type":"page","link":"https:\/\/www.vds-getriebe.at\/vdshtml\/funktionsbeschreibung-vrp\/","title":{"rendered":"Funktionsbeschreibung &#8211; VRP"},"content":{"rendered":"<p>[et_pb_section fb_built=&#8220;1&#8243; _builder_version=&#8220;4.27.4&#8243; _module_preset=&#8220;default&#8220; background_color=&#8220;#FFFFFF&#8220; background_enable_image=&#8220;off&#8220; background_size=&#8220;custom&#8220; background_image_width=&#8220;11%&#8220; background_position=&#8220;top_left&#8220; background_horizontal_offset=&#8220;1%&#8220; background_vertical_offset=&#8220;94%&#8220; custom_padding=&#8220;||0px|||&#8220; global_colors_info=&#8220;{}&#8220;][et_pb_row _builder_version=&#8220;4.16&#8243; _module_preset=&#8220;default&#8220; module_alignment=&#8220;center&#8220; use_custom_width=&#8220;on&#8220; locked=&#8220;off&#8220; global_colors_info=&#8220;{}&#8220;][et_pb_column type=&#8220;4_4&#8243; _builder_version=&#8220;4.16&#8243; _module_preset=&#8220;default&#8220; custom_padding=&#8220;|||&#8220; global_colors_info=&#8220;{}&#8220; custom_padding__hover=&#8220;|||&#8220;][et_pb_text _builder_version=&#8220;4.23.4&#8243; _module_preset=&#8220;default&#8220; text_font=&#8220;Lato||||||||&#8220; text_font_size=&#8220;20px&#8220; text_line_height=&#8220;1.8em&#8220; header_font=&#8220;||||||||&#8220; header_2_font=&#8220;Teko||||||||&#8220; header_2_font_size=&#8220;67px&#8220; header_2_letter_spacing=&#8220;-1px&#8220; text_orientation=&#8220;center&#8220; max_width=&#8220;700px&#8220; module_alignment=&#8220;center&#8220; custom_margin=&#8220;||0px|&#8220; header_2_font_size_tablet=&#8220;66px&#8220; header_2_font_size_phone=&#8220;36px&#8220; header_2_font_size_last_edited=&#8220;on|phone&#8220; global_colors_info=&#8220;{}&#8220;]<\/p>\n<h2>VRP &#8211; Variable Ravigneaux Planet Funktionsbeschreibung<\/h2>\n<p>&nbsp;<\/p>\n<p>[\/et_pb_text][\/et_pb_column][\/et_pb_row][et_pb_row _builder_version=&#8220;4.23.4&#8243; _module_preset=&#8220;default&#8220; global_colors_info=&#8220;{}&#8220;][et_pb_column type=&#8220;4_4&#8243; _builder_version=&#8220;4.23.4&#8243; _module_preset=&#8220;default&#8220; global_colors_info=&#8220;{}&#8220;][dsm_card_carousel _builder_version=&#8220;4.23.4&#8243; _module_preset=&#8220;default&#8220; global_colors_info=&#8220;{}&#8220;][dsm_card_carousel_child image=&#8220;https:\/\/www.vds-getriebe.at\/vdshtml\/wp-content\/uploads\/2025\/04\/VRP_2650_1.jpg&#8220; image_as_background=&#8220;off&#8220; button_url_new_window=&#8220;1&#8243; _builder_version=&#8220;4.23.4&#8243; _module_preset=&#8220;default&#8220; global_colors_info=&#8220;{}&#8220; parent_button=&#8220;off&#8220; parent_header_level=&#8220;h4&#8243;][\/dsm_card_carousel_child][dsm_card_carousel_child image=&#8220;https:\/\/www.vds-getriebe.at\/vdshtml\/wp-content\/uploads\/2025\/04\/VRP_2650_3.jpg&#8220; image_as_background=&#8220;off&#8220; button_url_new_window=&#8220;1&#8243; _builder_version=&#8220;4.23.4&#8243; _module_preset=&#8220;default&#8220; global_colors_info=&#8220;{}&#8220; parent_button=&#8220;off&#8220; parent_header_level=&#8220;h4&#8243;][\/dsm_card_carousel_child][\/dsm_card_carousel][\/et_pb_column][\/et_pb_row][et_pb_row _builder_version=&#8220;4.27.0&#8243; _module_preset=&#8220;default&#8220; global_colors_info=&#8220;{}&#8220;][et_pb_column type=&#8220;4_4&#8243; _builder_version=&#8220;4.27.0&#8243; _module_preset=&#8220;default&#8220; global_colors_info=&#8220;{}&#8220;][et_pb_text _builder_version=&#8220;4.27.4&#8243; _module_preset=&#8220;default&#8220; header_text_color=&#8220;#AF2237&#8243; header_3_text_color=&#8220;#AF2237&#8243; header_4_text_color=&#8220;#AF2237&#8243; header_4_font_size=&#8220;21px&#8220; global_colors_info=&#8220;{}&#8220;]<\/p>\n<h1><strong>VRP (Variable Ravigneaux Planet)<\/strong><\/h1>\n<p><strong><\/strong><\/p>\n<p><strong>Das VRP Stufenlosgetriebe basiert auf dem Prinzip einer mechanisch-hydrostatischen Leistungsverzweigung unter Verwendung eines speziellen Ravigneaux-Planetensatzes. Das Getriebe verf\u00fcgt \u00fcber 3 \u00dcberlagerungsbereiche f\u00fcr Vorw\u00e4rts- als auch f\u00fcr R\u00fcckw\u00e4rtsfahrt. Die Umschaltung der einzelnen \u00dcberlagerungsbereiche erfolgt \u00fcber Lamellenkupplungen bei Synchrondrehzahlen. An der Abtriebsseite des \u00dcberlagerungsgetriebes sind eine Vorw\u00e4rts- bzw. Retourgangsstufe angeordnet, welche \u00fcber Klauenkupplungen geschaltet werden. \u00dcber den gesamten Geschwindigkeitsbereich ist permanenter Kraftfluss sichergestellt, auch bei Umschaltung von Vorw\u00e4rts- auf Retourfahrt und umgekehrt.<\/strong><\/p>\n<p><strong><\/strong><\/p>\n<h4><strong>Das Kernelement: <\/strong><\/h4>\n<ul>\n<li>Der speziell entwickelte Ravigneaux-Planetensatz erm\u00f6glicht eine optimale \u00dcberlagerung von mechanischem und hydrostatischem Leistungsstrang.<strong><br \/><\/strong><\/li>\n<\/ul>\n<p>&nbsp;<\/p>\n<h4><strong>Signifikante Vorteile: <\/strong><\/h4>\n<ul>\n<li>Sehr gute Wirkungsgrade in den Hauptbetriebsbereichen<\/li>\n<li>Permanenter Drehmomentenfluss zwischen Motor und Antriebsr\u00e4dern.<\/li>\n<li>Der Betrieb des Motors erfolgt im optimalen Leistungsbereich.<\/li>\n<li>Volle Zugkraft schon bei geringer Motordrehzahl.<\/li>\n<li>Die Umschaltung von Vorw\u00e4rts- auf R\u00fcckw\u00e4rtsfahrt \u00fcber eine Klauenkupplung erm\u00f6glicht unterbrechungsfreie Schaltvorg\u00e4nge<\/li>\n<li>Keine Bereichsumschaltung im unteren Geschwindigkeitsbereich =&gt; keine Unstetigkeiten in der Leistungs\u00fcbertragung<\/li>\n<\/ul>\n<p>&nbsp;<\/p>\n<h4><strong>H\u00f6chster Fahrkomfort und sicherer Betrieb:\u00a0<\/strong><\/h4>\n<ul>\n<li>Sanftes, unterbrechungsfreies Anfahren<\/li>\n<li>Kontinuierlicher Kraftfluss bei Beschleunigung oder Verz\u00f6gerung <\/li>\n<li>Vollautomatisierter Antriebsstrang <\/li>\n<li>Tempomat ist integriert<\/li>\n<li>Kein Abw\u00fcrgen des Motors<\/li>\n<li>Volle Nutzung der Motor- Bremsleistung bei der Verz\u00f6gerung durch gezielte Anpassung der Getriebe\u00fcbersetzung<\/li>\n<\/ul>\n<p>[\/et_pb_text][\/et_pb_column][\/et_pb_row][\/et_pb_section][et_pb_section fb_built=&#8220;1&#8243; _builder_version=&#8220;4.27.0&#8243; _module_preset=&#8220;default&#8220; custom_padding=&#8220;0px|||||&#8220; global_colors_info=&#8220;{}&#8220;][et_pb_row _builder_version=&#8220;4.27.0&#8243; _module_preset=&#8220;default&#8220; global_colors_info=&#8220;{}&#8220;][et_pb_column type=&#8220;4_4&#8243; _builder_version=&#8220;4.27.0&#8243; _module_preset=&#8220;default&#8220; global_colors_info=&#8220;{}&#8220;][et_pb_text _builder_version=&#8220;4.27.0&#8243; _module_preset=&#8220;default&#8220; global_colors_info=&#8220;{}&#8220;]<\/p>\n<p><em><strong>Das patentierte VRP Getriebesystem basiert auf dem Prinzip der hydrostatisch- mechanischen Leistungsverzweigung und ist f\u00fcr hohe Antriebsleistungen konzipiert. Das Getriebe beinhaltet jeweils 3 leistungsverzweigte \u00dcbersetzungsstufen f\u00fcr Vorw\u00e4rts- und Retourfahrt. Die Umschaltung der Fahrbereiche erfolgt mittels Lamellenkupplung ohne Unterbrechung der Zugkraft in Synchronpunkten.<\/strong><\/em><\/p>\n<p>Kernelement des Getriebes ist ein Ravigneaux-Planetensatz, in welchem die \u00dcberlagerung von mechanisch \u00fcbertragener Leistung und der Variatorleistung erfolgt. Jeweils in der Mitte der Fahrbereiche wird die Antriebsleistung rein mechanisch \u00fcbertragen, wodurch in diesen Betriebspunkten beste Wirkungsgrade erreicht werden.<\/p>\n<p>Zur Umschaltung von Vorw\u00e4rts- auf Retourfahrt sind am Getriebeausgang Klauenkupplungen installiert. Diese Klauenkupplungen erm\u00f6glichen ebenfalls unterbrechungsfreie Schaltvorg\u00e4nge und beste Wirkungsgrade auch bei sehr hohen Drehzahlen.<\/p>\n<p>[\/et_pb_text][et_pb_image src=&#8220;https:\/\/www.vds-getriebe.at\/vdshtml\/wp-content\/uploads\/2025\/04\/VRP_Funktionsbeschreibung2.jpg&#8220; title_text=&#8220;VRP_Funktionsbeschreibung2&#8243; _builder_version=&#8220;4.27.0&#8243; _module_preset=&#8220;default&#8220; width=&#8220;50%&#8220; max_width=&#8220;50%&#8220; module_alignment=&#8220;center&#8220; global_colors_info=&#8220;{}&#8220;][\/et_pb_image][\/et_pb_column][\/et_pb_row][et_pb_row _builder_version=&#8220;4.27.0&#8243; _module_preset=&#8220;default&#8220; global_colors_info=&#8220;{}&#8220;][et_pb_column type=&#8220;4_4&#8243; _builder_version=&#8220;4.27.0&#8243; _module_preset=&#8220;default&#8220; global_colors_info=&#8220;{}&#8220;][et_pb_image src=&#8220;https:\/\/www.vds-getriebe.at\/vdshtml\/wp-content\/uploads\/2025\/04\/VRP_Fahrzeuge.jpg&#8220; title_text=&#8220;VRP_Fahrzeuge&#8220; _builder_version=&#8220;4.27.0&#8243; _module_preset=&#8220;default&#8220; module_alignment=&#8220;center&#8220; custom_padding=&#8220;|||172px|false|false&#8220; global_colors_info=&#8220;{}&#8220;][\/et_pb_image][et_pb_text _builder_version=&#8220;4.27.0&#8243; _module_preset=&#8220;default&#8220; header_2_text_color=&#8220;#8C1218&#8243; global_colors_info=&#8220;{}&#8220;]<\/p>\n<p>&nbsp;<\/p>\n<p>Das Anfahren aus dem geregelten Stillstand erfolgt durch kontinuierliche Verstellung der Drehzahl des Hydromotors. Bei Traktoren wird bei einer Geschwindigkeit von ca. 8 km\/h die volle Antriebsleistung rein mechanisch \u00fcbertragen. Durch optimale Abstimmung mit den besten Betriebspunkten des Verbrennungsmotors kann im Geschwindigkeitsbereich von ca. 5 bis 12 km\/h beste Fahrzeug- Performance bei gleichzeitig minimalem Treibstoffverbrauch erzielt werden.<br \/>Die Umschaltung vom ersten in den zweiten leistungsverzweigten Bereich erfolgt bei Geschwindigkeiten um 15 km\/h. Somit sind bei Eins\u00e4tzen im schweren Zugbetrieb keinerlei Bereichsschaltungen erforderlich. Auch bei Verwendung des VTP Getriebesystems in Radladern oder \u00e4hnlichen Anwendungen bedingt diese Eigenschaft beste Funktionalit\u00e4t, weil hohe Kr\u00e4fte (z. Bsp. beim Einstechen in Haufwerk) kontinuierlich aufgebracht werden k\u00f6nnen.<\/p>\n<p>[\/et_pb_text][et_pb_image src=&#8220;https:\/\/www.vds-getriebe.at\/vdshtml\/wp-content\/uploads\/2025\/04\/VRP_Arbeitsprinzip_VDSGetriebe.jpg&#8220; title_text=&#8220;VRP_Arbeitsprinzip_VDSGetriebe&#8220; _builder_version=&#8220;4.27.0&#8243; _module_preset=&#8220;default&#8220; module_alignment=&#8220;center&#8220; global_colors_info=&#8220;{}&#8220;][\/et_pb_image][\/et_pb_column][\/et_pb_row][\/et_pb_section][et_pb_section fb_built=&#8220;1&#8243; make_equal=&#8220;on&#8220; use_custom_gutter=&#8220;on&#8220; gutter_width=&#8220;1&#8243; specialty=&#8220;on&#8220; background_color_2=&#8220;RGBA(255,255,255,0)&#8220; padding_top_1=&#8220;150px&#8220; padding_top_2=&#8220;150px&#8220; padding_right_1=&#8220;60px&#8220; padding_right_2=&#8220;10%&#8220; padding_bottom_1=&#8220;150px&#8220; padding_bottom_2=&#8220;150px&#8220; padding_left_1=&#8220;10%&#8220; padding_left_2=&#8220;60px&#8220; padding_top_bottom_link_1=&#8220;true&#8220; padding_top_bottom_link_2=&#8220;true&#8220; padding_1_tablet=&#8220;|0%||0%||true&#8220; padding_2_tablet=&#8220;40px|10%|100px|10%||true&#8220; padding_1_phone=&#8220;&#8220; padding_2_phone=&#8220;&#8220; padding_1_last_edited=&#8220;on|desktop&#8220; padding_2_last_edited=&#8220;on|desktop&#8220; module_class=&#8220; et_pb_specialty_fullwidth&#8220; _builder_version=&#8220;4.27.4&#8243; _module_preset=&#8220;default&#8220; use_background_color_gradient=&#8220;on&#8220; background_color_gradient_stops=&#8220;rgba(24,30,36,0.9) 0%|rgba(213,26,39,0.69) 100%&#8220; background_color_gradient_overlays_image=&#8220;on&#8220; background_color_gradient_start=&#8220;rgba(24,30,36,0.9)&#8220; background_color_gradient_end=&#8220;rgba(213,26,39,0.69)&#8220; background_image=&#8220;https:\/\/www.vds-getriebe.at\/vdshtml\/wp-content\/uploads\/2023\/11\/VDS_Getriebe_Header5.jpg&#8220; inner_width=&#8220;100%&#8220; inner_width_tablet=&#8220;100%&#8220; inner_width_phone=&#8220;100%&#8220; inner_width_last_edited=&#8220;on|desktop&#8220; inner_max_width=&#8220;100%&#8220; inner_max_width_tablet=&#8220;100%&#8220; inner_max_width_phone=&#8220;100%&#8220; inner_max_width_last_edited=&#8220;on|desktop&#8220; custom_padding=&#8220;0px||0px||true&#8220; bottom_divider_arrangement=&#8220;above_content&#8220; animation_direction=&#8220;bottom&#8220; hover_enabled=&#8220;0&#8243; box_shadow_style=&#8220;preset7&#8243; box_shadow_horizontal=&#8220;0px&#8220; box_shadow_vertical=&#8220;80px&#8220; box_shadow_color=&#8220;#ffffff&#8220; make_fullwidth=&#8220;on&#8220; global_module=&#8220;8213&#8243; saved_tabs=&#8220;all&#8220; global_colors_info=&#8220;{}&#8220; sticky_enabled=&#8220;0&#8243;][et_pb_column type=&#8220;1_2&#8243; specialty_columns=&#8220;2&#8243; _builder_version=&#8220;4.16&#8243; _module_preset=&#8220;default&#8220; custom_padding=&#8220;|||&#8220; global_colors_info=&#8220;{}&#8220; padding_tablet=&#8220;|0%||0%||true&#8220; padding_last_edited=&#8220;on|desktop&#8220; custom_padding__hover=&#8220;|||&#8220; padding_phone=&#8220;|0%||0%||true&#8220;][et_pb_row_inner _builder_version=&#8220;4.16&#8243; _module_preset=&#8220;default&#8220; custom_padding=&#8220;0|0px|0|0px|true|false&#8220; global_colors_info=&#8220;{}&#8220;][et_pb_column_inner saved_specialty_column_type=&#8220;1_2&#8243; _builder_version=&#8220;4.16&#8243; _module_preset=&#8220;default&#8220; custom_padding=&#8220;|||&#8220; global_colors_info=&#8220;{}&#8220; custom_padding__hover=&#8220;|||&#8220;][et_pb_text admin_label=&#8220;Get In Touch Title&#8220; _builder_version=&#8220;4.22.2&#8243; _module_preset=&#8220;default&#8220; text_font=&#8220;Lato||||||||&#8220; text_font_size=&#8220;22px&#8220; text_line_height=&#8220;1.8em&#8220; header_font=&#8220;||||||||&#8220; header_2_font=&#8220;Teko||||||||&#8220; header_2_font_size=&#8220;96px&#8220; background_layout=&#8220;dark&#8220; custom_margin=&#8220;|||&#8220; header_2_font_size_tablet=&#8220;66px&#8220; header_2_font_size_phone=&#8220;36px&#8220; header_2_font_size_last_edited=&#8220;on|phone&#8220; locked=&#8220;off&#8220; global_colors_info=&#8220;{}&#8220;]<\/p>\n<h2>Kontakt<\/h2>\n<p>[\/et_pb_text][et_pb_text admin_label=&#8220;Phone&#8220; _builder_version=&#8220;4.27.4&#8243; _module_preset=&#8220;default&#8220; text_font=&#8220;Teko|500|||||||&#8220; text_font_size=&#8220;40px&#8220; text_line_height=&#8220;2em&#8220; background_layout=&#8220;dark&#8220; custom_margin=&#8220;|||&#8220; locked=&#8220;off&#8220; global_colors_info=&#8220;{}&#8220;]<\/p>\n<p><span style=\"color: #ffffff;\"><a href=\"tel:00437253880800\" style=\"color: #ffffff;\">+43 7253 880 800<\/a><\/span><\/p>\n<p>[\/et_pb_text][\/et_pb_column_inner][\/et_pb_row_inner][et_pb_row_inner column_structure=&#8220;1_2,1_2&#8243; use_custom_gutter=&#8220;on&#8220; gutter_width=&#8220;2&#8243; _builder_version=&#8220;4.16&#8243; _module_preset=&#8220;default&#8220; global_colors_info=&#8220;{}&#8220;][et_pb_column_inner type=&#8220;1_2&#8243; saved_specialty_column_type=&#8220;1_2&#8243; _builder_version=&#8220;4.16&#8243; _module_preset=&#8220;default&#8220; custom_padding=&#8220;|||&#8220; global_colors_info=&#8220;{}&#8220; custom_padding__hover=&#8220;|||&#8220;][et_pb_text admin_label=&#8220;Address Title&#8220; _builder_version=&#8220;4.22.2&#8243; _module_preset=&#8220;default&#8220; text_font=&#8220;Lato||||||||&#8220; text_font_size=&#8220;18px&#8220; text_line_height=&#8220;1.8em&#8220; header_font=&#8220;||||||||&#8220; header_4_font=&#8220;Teko|500|||||||&#8220; header_4_font_size=&#8220;22px&#8220; background_layout=&#8220;dark&#8220; custom_margin=&#8220;|||&#8220; locked=&#8220;off&#8220; global_colors_info=&#8220;{}&#8220;]<\/p>\n<h4>Ort<\/h4>\n<p>Gewerbepark 6<br \/>4493 Wolfern | Austria<\/p>\n<p>[\/et_pb_text][\/et_pb_column_inner][et_pb_column_inner type=&#8220;1_2&#8243; saved_specialty_column_type=&#8220;1_2&#8243; _builder_version=&#8220;4.16&#8243; _module_preset=&#8220;default&#8220; custom_padding=&#8220;|||&#8220; global_colors_info=&#8220;{}&#8220; custom_padding__hover=&#8220;|||&#8220;][\/et_pb_column_inner][\/et_pb_row_inner][\/et_pb_column][et_pb_column type=&#8220;1_2&#8243; _builder_version=&#8220;4.16&#8243; _module_preset=&#8220;default&#8220; background_color=&#8220;#c10f1b&#8220; custom_padding=&#8220;|||&#8220; global_colors_info=&#8220;{}&#8220; padding_tablet=&#8220;40px|10%|100px|10%||true&#8220; padding_last_edited=&#8220;on|desktop&#8220; custom_padding__hover=&#8220;|||&#8220; padding_phone=&#8220;40px|10%|100px|10%||true&#8220;][\/et_pb_column][\/et_pb_section]<\/p>\n","protected":false},"excerpt":{"rendered":"<p>VRP &#8211; Variable Ravigneaux Planet Funktionsbeschreibung &nbsp;<div class=\"et_pb_module dsm_card_carousel dsm_card_carousel_0 dsm_card_carousel_layout_stacked  dsm_card_carousel_arrow_outside dsm_card_carousel_arrow_mobile_inside\">\n\t\t\t\t\n\t\t\t\t\n\t\t\t\t\n\t\t\t\t\n\t\t\t\t\n\t\t\t\t\n\t\t\t\t<div class=\"et_pb_module_inner\">\n\t\t\t\t\t\n\t\t\t\n\t\t\t<div class=\"swiper-container dsm_card_carousel_wrapper\" dir=\"ltr\" data-params=\"[{&quot;direction&quot;:&quot;horizontal&quot;,&quot;effect&quot;:&quot;default&quot;,&quot;slider_effect_shadows&quot;:false,&quot;slider_effect_coverflow_rotate&quot;:&quot;30&quot;,&quot;slider_effect_coverflow_depth&quot;:&quot;0&quot;,&quot;loop&quot;:true,&quot;infinite_smooth_scrolling&quot;:false,&quot;slide_to_show&quot;:&quot;3&quot;,&quot;slide_to_show_tablet&quot;:&quot;1&quot;,&quot;slide_to_show_phone&quot;:&quot;1&quot;,&quot;slide_to_scroll&quot;:&quot;1&quot;,&quot;slide_to_scroll_tablet&quot;:&quot;1&quot;,&quot;slide_to_scroll_phone&quot;:&quot;1&quot;,&quot;space_between&quot;:&quot;15&quot;,&quot;space_between_tablet&quot;:&quot;15&quot;,&quot;space_between_phone&quot;:&quot;15&quot;,&quot;centered_slides&quot;:false,&quot;multiple_slide_row&quot;:&quot;off&quot;,&quot;slide_row&quot;:&quot;1&quot;,&quot;slide_row_tablet&quot;:&quot;1&quot;,&quot;slide_row_phone&quot;:&quot;1&quot;,&quot;speed&quot;:&quot;300&quot;,&quot;autoplay&quot;:true,&quot;autoplay_speed&quot;:&quot;3000&quot;,&quot;autoplay_viewport&quot;:&quot;80%&quot;,&quot;touch_move&quot;:true,&quot;grab&quot;:true,&quot;pause_on_hover&quot;:false,&quot;mousewheel&quot;:false,&quot;auto_height&quot;:false,&quot;equal_height&quot;:false,&quot;equal_height_tablet&quot;:true,&quot;equal_height_phone&quot;:true}]\">\n\t\t\t<div class=\"swiper-wrapper\"><div class=\"dsm_card_carousel_child dsm_card_carousel_child_0 swiper-slide\">\n\t\t\t\t\n\t\t\t\t\n\t\t\t\t\n\t\t\t\t\n\t\t\t\t\n\t\t\t\t\n\t\t\t\t<div class=\"et_pb_module_inner\">\n\t\t\t\t\t\n\t\t\t\n\t\t\t<figure class=\"dsm_card_carousel_child_image_wrapper dsm_card_carousel_child_badge_top_right\"><img decoding=\"async\" src=\"https:\/\/www.vds-getriebe.at\/vdshtml\/wp-content\/uploads\/2025\/04\/VRP_2650_1.jpg\" alt=\"\" srcset=\"https:\/\/www.vds-getriebe.at\/vdshtml\/wp-content\/uploads\/2025\/04\/VRP_2650_1.jpg 530w, https:\/\/www.vds-getriebe.at\/vdshtml\/wp-content\/uploads\/2025\/04\/VRP_2650_1-480x437.jpg 480w\" sizes=\"(min-width: 0px) and (max-width: 480px) 480px, (min-width: 481px) 530px, 100vw\" class=\"dsm_card_carousel_child_img  dsm_card_carousel_image_stretch skip-lazy\" \/><\/figure>\n\t\t\t\n\t\t\t\t<\/div>\n\t\t\t<\/div><div class=\"dsm_card_carousel_child dsm_card_carousel_child_1 swiper-slide\">\n\t\t\t\t\n\t\t\t\t\n\t\t\t\t\n\t\t\t\t\n\t\t\t\t\n\t\t\t\t\n\t\t\t\t<div class=\"et_pb_module_inner\">\n\t\t\t\t\t\n\t\t\t\n\t\t\t<figure class=\"dsm_card_carousel_child_image_wrapper dsm_card_carousel_child_badge_top_right\"><img decoding=\"async\" src=\"https:\/\/www.vds-getriebe.at\/vdshtml\/wp-content\/uploads\/2025\/04\/VRP_2650_3.jpg\" alt=\"\" srcset=\"https:\/\/www.vds-getriebe.at\/vdshtml\/wp-content\/uploads\/2025\/04\/VRP_2650_3.jpg 536w, https:\/\/www.vds-getriebe.at\/vdshtml\/wp-content\/uploads\/2025\/04\/VRP_2650_3-480x442.jpg 480w\" sizes=\"(min-width: 0px) and (max-width: 480px) 480px, (min-width: 481px) 536px, 100vw\" class=\"dsm_card_carousel_child_img  dsm_card_carousel_image_stretch skip-lazy\" \/><\/figure>\n\t\t\t\n\t\t\t\t<\/div>\n\t\t\t<\/div><\/div>\n\t\t\t<\/div><div class=\"swiper-button-prev dsm_card_carousel_arrow\" data-icon=\"4\"><\/div><div class=\"swiper-button-next dsm_card_carousel_arrow\" data-icon=\"5\"><\/div><div class=\"swiper-pagination dsm_card_carousel_pagination\"><\/div>\n\t\t\t\t<\/div>\n\t\t\t<\/div>VRP (Variable Ravigneaux Planet) Das VRP Stufenlosgetriebe basiert auf dem Prinzip einer mechanisch-hydrostatischen Leistungsverzweigung unter Verwendung eines speziellen Ravigneaux-Planetensatzes. Das Getriebe verf\u00fcgt \u00fcber 3 \u00dcberlagerungsbereiche f\u00fcr Vorw\u00e4rts- als auch f\u00fcr R\u00fcckw\u00e4rtsfahrt. Die Umschaltung der einzelnen \u00dcberlagerungsbereiche erfolgt \u00fcber Lamellenkupplungen bei Synchrondrehzahlen. An der Abtriebsseite des \u00dcberlagerungsgetriebes sind eine Vorw\u00e4rts- bzw. Retourgangsstufe angeordnet, welche \u00fcber Klauenkupplungen geschaltet werden. \u00dcber den gesamten Geschwindigkeitsbereich ist permanenter Kraftfluss sichergestellt, auch bei Umschaltung von Vorw\u00e4rts- auf Retourfahrt und umgekehrt. Das Kernelement: Der speziell entwickelte Ravigneaux-Planetensatz erm\u00f6glicht eine optimale \u00dcberlagerung von mechanischem und hydrostatischem Leistungsstrang. &nbsp; Signifikante Vorteile: Sehr gute Wirkungsgrade in den Hauptbetriebsbereichen Permanenter Drehmomentenfluss zwischen Motor und Antriebsr\u00e4dern. Der Betrieb des Motors erfolgt im optimalen Leistungsbereich. Volle Zugkraft schon bei geringer Motordrehzahl. Die Umschaltung von Vorw\u00e4rts- auf R\u00fcckw\u00e4rtsfahrt \u00fcber eine Klauenkupplung erm\u00f6glicht unterbrechungsfreie Schaltvorg\u00e4nge Keine Bereichsumschaltung im unteren Geschwindigkeitsbereich =&gt; keine Unstetigkeiten in der Leistungs\u00fcbertragung &nbsp; H\u00f6chster Fahrkomfort und sicherer Betrieb:\u00a0 Sanftes, unterbrechungsfreies Anfahren Kontinuierlicher Kraftfluss bei Beschleunigung oder Verz\u00f6gerung Vollautomatisierter Antriebsstrang Tempomat ist integriert Kein Abw\u00fcrgen des Motors Volle Nutzung der Motor- Bremsleistung bei der Verz\u00f6gerung durch gezielte [&hellip;]<\/p>\n","protected":false},"author":2,"featured_media":0,"parent":0,"menu_order":0,"comment_status":"closed","ping_status":"closed","template":"","meta":{"_et_pb_use_builder":"on","_et_pb_old_content":"<!-- wp:divi\/placeholder \/-->","_et_gb_content_width":"","footnotes":""},"class_list":["post-7751","page","type-page","status-publish","hentry"],"_links":{"self":[{"href":"https:\/\/www.vds-getriebe.at\/vdshtml\/wp-json\/wp\/v2\/pages\/7751","targetHints":{"allow":["GET"]}}],"collection":[{"href":"https:\/\/www.vds-getriebe.at\/vdshtml\/wp-json\/wp\/v2\/pages"}],"about":[{"href":"https:\/\/www.vds-getriebe.at\/vdshtml\/wp-json\/wp\/v2\/types\/page"}],"author":[{"embeddable":true,"href":"https:\/\/www.vds-getriebe.at\/vdshtml\/wp-json\/wp\/v2\/users\/2"}],"replies":[{"embeddable":true,"href":"https:\/\/www.vds-getriebe.at\/vdshtml\/wp-json\/wp\/v2\/comments?post=7751"}],"version-history":[{"count":5,"href":"https:\/\/www.vds-getriebe.at\/vdshtml\/wp-json\/wp\/v2\/pages\/7751\/revisions"}],"predecessor-version":[{"id":8225,"href":"https:\/\/www.vds-getriebe.at\/vdshtml\/wp-json\/wp\/v2\/pages\/7751\/revisions\/8225"}],"wp:attachment":[{"href":"https:\/\/www.vds-getriebe.at\/vdshtml\/wp-json\/wp\/v2\/media?parent=7751"}],"curies":[{"name":"wp","href":"https:\/\/api.w.org\/{rel}","templated":true}]}}