{"id":7761,"date":"2025-04-03T12:06:03","date_gmt":"2025-04-03T10:06:03","guid":{"rendered":"https:\/\/www.vds-getriebe.at\/vdshtml\/?page_id=7761"},"modified":"2025-04-03T14:43:47","modified_gmt":"2025-04-03T12:43:47","slug":"funktionsbeschreibung-vpd","status":"publish","type":"page","link":"https:\/\/www.vds-getriebe.at\/vdshtml\/funktionsbeschreibung-vpd\/","title":{"rendered":"Funktionsbeschreibung &#8211; VPD"},"content":{"rendered":"<p>[et_pb_section fb_built=&#8220;1&#8243; _builder_version=&#8220;4.23.4&#8243; _module_preset=&#8220;default&#8220; custom_padding=&#8220;||0px|||&#8220; global_colors_info=&#8220;{}&#8220; theme_builder_area=&#8220;post_content&#8220;][et_pb_row _builder_version=&#8220;4.16&#8243; module_alignment=&#8220;center&#8220; use_custom_width=&#8220;on&#8220; locked=&#8220;off&#8220; global_colors_info=&#8220;{}&#8220; _module_preset=&#8220;default&#8220;][et_pb_column type=&#8220;4_4&#8243; _builder_version=&#8220;4.16&#8243; custom_padding=&#8220;|||&#8220; global_colors_info=&#8220;{}&#8220; custom_padding__hover=&#8220;|||&#8220; _module_preset=&#8220;default&#8220;][et_pb_text _builder_version=&#8220;4.27.4&#8243; text_font=&#8220;Lato||||||||&#8220; text_font_size=&#8220;20px&#8220; text_line_height=&#8220;1.8em&#8220; header_font=&#8220;||||||||&#8220; header_2_font=&#8220;Teko||||||||&#8220; header_2_font_size=&#8220;76px&#8220; header_2_letter_spacing=&#8220;-1px&#8220; text_orientation=&#8220;center&#8220; max_width=&#8220;700px&#8220; module_alignment=&#8220;center&#8220; custom_margin=&#8220;||0px|&#8220; header_2_font_size_tablet=&#8220;66px&#8220; header_2_font_size_phone=&#8220;36px&#8220; header_2_font_size_last_edited=&#8220;on|phone&#8220; global_colors_info=&#8220;{}&#8220; _module_preset=&#8220;default&#8220;]<\/p>\n<h2>VPD &#8211; Variable Power Divider<\/h2>\n<p>&nbsp;<\/p>\n<p>[\/et_pb_text][\/et_pb_column][\/et_pb_row][et_pb_row _builder_version=&#8220;4.27.4&#8243; _module_preset=&#8220;default&#8220; global_colors_info=&#8220;{}&#8220;][et_pb_column type=&#8220;4_4&#8243; _builder_version=&#8220;4.27.4&#8243; _module_preset=&#8220;default&#8220; global_colors_info=&#8220;{}&#8220;][et_pb_image src=&#8220;https:\/\/www.vds-getriebe.at\/vdshtml\/wp-content\/uploads\/2025\/04\/VPD_2500_Render.jpg&#8220; title_text=&#8220;VPD_2500_Render&#8220; _builder_version=&#8220;4.27.4&#8243; _module_preset=&#8220;default&#8220; width=&#8220;70%&#8220; module_alignment=&#8220;center&#8220; global_colors_info=&#8220;{}&#8220;][\/et_pb_image][\/et_pb_column][\/et_pb_row][et_pb_row _builder_version=&#8220;4.27.0&#8243; _module_preset=&#8220;default&#8220; global_colors_info=&#8220;{}&#8220;][et_pb_column type=&#8220;4_4&#8243; _builder_version=&#8220;4.27.0&#8243; _module_preset=&#8220;default&#8220; global_colors_info=&#8220;{}&#8220;][et_pb_text _builder_version=&#8220;4.27.4&#8243; _module_preset=&#8220;default&#8220; header_text_color=&#8220;#AF2237&#8243; header_3_text_color=&#8220;#AF2237&#8243; global_colors_info=&#8220;{}&#8220;]<\/p>\n<h1><strong>VPD Getriebe (Variable Power Divider)<\/strong><\/h1>\n<p><strong><\/strong><\/p>\n<p>Das VPD-Getriebe ist ein variabel steuerbares Getriebemodul, welches zwischen dem Verbrennungsmotor und einem Automatik- (AT) oder automatisiertem Schaltgetriebe (AMT) eingebaut wird (Sandwich-Konfiguration). Durch Verwendung des VPD Getriebemoduls wird ein konventioneller Antriebsstrang zu einem stufenlosen Antriebsstrang. Im VPD-Getriebe ist ein Nebenabtrieb (PTO) installiert, welcher \u00fcber eine Lamellenkupplung direkt mit dem Verbrennungsmotor gekoppelt werden kann.<\/p>\n<p>Kernelement des VPD-Getriebes ist ein Planeten-\u00dcberlagerungsgetriebe mit hydrostatischem Variator. Damit kann die Eingangsdrehzahl in das Automat- oder automatisierte Schaltgetriebe unabh\u00e4ngig von der aktuellen Motordrehzahl geregelt werden. Der wesentliche funktionale Vorteil des VPD Getriebes ist, dass Arbeitsger\u00e4te vom Fahrzeug-Antriebsmotor \u00fcber Nebenabtriebe mit der gew\u00fcnschten Drehzahl angetrieben werden k\u00f6nnen bei gleichzeitiger stufenloser Vorgabe der gew\u00fcnschten Fahrgeschwindigkeit.<\/p>\n<p>Ein typisches Einsatzgebiet f\u00fcr das VPD-Getriebemodul sind LKW-Kehrmaschinen. Zusatzmotoren zum Antrieb der Nebenaggregate sind nicht erforderlich.<\/p>\n<p>[\/et_pb_text][\/et_pb_column][\/et_pb_row][\/et_pb_section][et_pb_section fb_built=&#8220;1&#8243; _builder_version=&#8220;4.27.4&#8243; _module_preset=&#8220;default&#8220; background_enable_image=&#8220;off&#8220; background_size=&#8220;custom&#8220; background_image_width=&#8220;12%&#8220; background_position=&#8220;bottom_right&#8220; background_horizontal_offset=&#8220;1%&#8220; background_vertical_offset=&#8220;60%&#8220; custom_padding=&#8220;22px|||||&#8220; global_colors_info=&#8220;{}&#8220; theme_builder_area=&#8220;post_content&#8220;][et_pb_row _builder_version=&#8220;4.23.4&#8243; _module_preset=&#8220;default&#8220; global_colors_info=&#8220;{}&#8220;][et_pb_column type=&#8220;4_4&#8243; _builder_version=&#8220;4.23.4&#8243; _module_preset=&#8220;default&#8220; global_colors_info=&#8220;{}&#8220;][et_pb_text _builder_version=&#8220;4.27.4&#8243; _module_preset=&#8220;default&#8220; header_4_text_color=&#8220;#8C1218&#8243; global_colors_info=&#8220;{}&#8220;]<\/p>\n<h4><strong>Funktionalit\u00e4t:\u00a0<\/strong><\/h4>\n<p><strong>Transportmodus:<\/strong> Das \u00dcbersetzungsverh\u00e4ltnis vom Motor zum Fahrzeuggetriebe bleibt in diesem Modus unver\u00e4ndert stabil. Mittels Fahrpedal oder Tempomat wird die Fahrzeuggeschwindigkeit gesteuert.<\/p>\n<p><strong>Arbeitsmodus:<\/strong> Die Motordrehzahl wird vom Fahrer fix eingestellt. Die VPD-Steuerung regelt die Eingangsdrehzahl zum Fahrzeuggetriebe (AT oder AMT) und bestimmt damit die Geschwindigkeit des Fahrzeugs. Das angebaute Arbeitsger\u00e4t wird im Arbeitsmodus mit konstanter Drehzahl angetrieben.<\/p>\n<p>&nbsp;<\/p>\n<h4><strong>Vorteile:<\/strong><\/h4>\n<ul>\n<li>Stufenlose Steuerung der Fahrzeuggeschwindigkeit bei konstanter Motor- und PTO-Drehzahl f\u00fcr das Arbeitsger\u00e4t<\/li>\n<li>Der Wechsel zwischen Fahrmodus und Arbeitsmodus erfolgt vollautomatisch nach Vorgabe durch den Fahrer<\/li>\n<li>Verschlei\u00dffreies Variatorsystem mit kleinen Einheiten f\u00fcr beste Effizienz<\/li>\n<li>Einfachste Bedienung durch elektronische Steuerung aller Funktionen<\/li>\n<\/ul>\n<p>[\/et_pb_text][et_pb_image src=&#8220;https:\/\/www.vds-getriebe.at\/vdshtml\/wp-content\/uploads\/2025\/04\/VPD_Funktionen.jpg&#8220; title_text=&#8220;VPD_Funktionen&#8220; _builder_version=&#8220;4.27.0&#8243; _module_preset=&#8220;default&#8220; global_colors_info=&#8220;{}&#8220;][\/et_pb_image][\/et_pb_column][\/et_pb_row][et_pb_row column_structure=&#8220;1_2,1_2&#8243; _builder_version=&#8220;4.27.4&#8243; _module_preset=&#8220;default&#8220; global_colors_info=&#8220;{}&#8220;][et_pb_column type=&#8220;1_2&#8243; _builder_version=&#8220;4.27.4&#8243; _module_preset=&#8220;default&#8220; global_colors_info=&#8220;{}&#8220;][et_pb_image src=&#8220;https:\/\/www.vds-getriebe.at\/vdshtml\/wp-content\/uploads\/2025\/04\/vpd_details.png&#8220; title_text=&#8220;vpd_details&#8220; _builder_version=&#8220;4.27.4&#8243; _module_preset=&#8220;default&#8220; global_colors_info=&#8220;{}&#8220;][\/et_pb_image][\/et_pb_column][et_pb_column type=&#8220;1_2&#8243; _builder_version=&#8220;4.27.4&#8243; _module_preset=&#8220;default&#8220; global_colors_info=&#8220;{}&#8220;][et_pb_image src=&#8220;https:\/\/www.vds-getriebe.at\/vdshtml\/wp-content\/uploads\/2025\/04\/vds_transmission_config_vpd2500.png&#8220; title_text=&#8220;vds_transmission_config_vpd2500&#8243; _builder_version=&#8220;4.27.4&#8243; _module_preset=&#8220;default&#8220; width=&#8220;100%&#8220; module_alignment=&#8220;center&#8220; global_colors_info=&#8220;{}&#8220;][\/et_pb_image][\/et_pb_column][\/et_pb_row][\/et_pb_section][et_pb_section fb_built=&#8220;1&#8243; admin_label=&#8220;Related Listings&#8220; _builder_version=&#8220;4.27.4&#8243; background_color=&#8220;#f2f0ef&#8220; custom_padding=&#8220;80px|0px|80px|0px|true|false&#8220; top_divider_style=&#8220;arrow&#8220; top_divider_color=&#8220;#FFFFFF&#8220; top_divider_height=&#8220;50px&#8220; saved_tabs=&#8220;all&#8220; locked=&#8220;off&#8220; global_colors_info=&#8220;{}&#8220; _module_preset=&#8220;default&#8220; theme_builder_area=&#8220;post_content&#8220;][et_pb_row column_structure=&#8220;2_3,1_3&#8243; _builder_version=&#8220;4.27.2&#8243; background_enable_color=&#8220;off&#8220; custom_margin=&#8220;||60px|&#8220; custom_padding=&#8220;50px|40px|50px|40px|true|true&#8220; global_colors_info=&#8220;{}&#8220; _module_preset=&#8220;default&#8220;][et_pb_column type=&#8220;2_3&#8243; _builder_version=&#8220;4.16&#8243; custom_padding=&#8220;|||&#8220; global_colors_info=&#8220;{}&#8220; custom_padding__hover=&#8220;|||&#8220; _module_preset=&#8220;default&#8220;][et_pb_text admin_label=&#8220;Title&#8220; _builder_version=&#8220;4.23&#8243; text_font=&#8220;Lato||||||||&#8220; text_font_size=&#8220;20px&#8220; text_line_height=&#8220;1.8em&#8220; ul_font=&#8220;||||||||&#8220; header_font=&#8220;||||||||&#8220; header_3_font=&#8220;Teko|500|||||||&#8220; header_3_font_size=&#8220;40px&#8220; header_4_font=&#8220;||||||||&#8220; locked=&#8220;off&#8220; global_colors_info=&#8220;{}&#8220; _module_preset=&#8220;default&#8220;]<\/p>\n<h3>Wir haben Ihr Interesse geweckt?<\/h3>\n<p>Kontaktieren Sie unser VDS-Sales Team noch heute.<\/p>\n<p>[\/et_pb_text][\/et_pb_column][et_pb_column type=&#8220;1_3&#8243; _builder_version=&#8220;4.16&#8243; custom_padding=&#8220;|||&#8220; global_colors_info=&#8220;{}&#8220; custom_padding__hover=&#8220;|||&#8220; _module_preset=&#8220;default&#8220;][et_pb_button button_url=&#8220;https:\/\/www.vds-getriebe.at\/vdshtml\/kontakt\/&#8220; button_text=&#8220;VDS Sales&#8220; button_alignment=&#8220;right&#8220; _builder_version=&#8220;4.27.4&#8243; custom_button=&#8220;on&#8220; button_text_size=&#8220;16px&#8220; button_text_color=&#8220;#FFFFFF&#8220; button_bg_color=&#8220;#AF2237&#8243; button_border_width=&#8220;12px&#8220; button_border_color=&#8220;#AF2237&#8243; button_border_radius=&#8220;48px&#8220; button_letter_spacing=&#8220;4px&#8220; button_font=&#8220;Teko|700||on|||||&#8220; button_icon=&#8220;&#x24;||divi||400&#8243; background_layout=&#8220;dark&#8220; custom_margin=&#8220;|||&#8220; animation_direction=&#8220;left&#8220; locked=&#8220;off&#8220; global_colors_info=&#8220;{}&#8220; button_text_size__hover_enabled=&#8220;off&#8220; button_one_text_size__hover_enabled=&#8220;off&#8220; button_two_text_size__hover_enabled=&#8220;off&#8220; button_text_color__hover_enabled=&#8220;off&#8220; button_one_text_color__hover_enabled=&#8220;off&#8220; button_two_text_color__hover_enabled=&#8220;off&#8220; button_border_width__hover_enabled=&#8220;off&#8220; button_one_border_width__hover_enabled=&#8220;off&#8220; button_two_border_width__hover_enabled=&#8220;off&#8220; button_border_color__hover_enabled=&#8220;off&#8220; button_one_border_color__hover_enabled=&#8220;off&#8220; button_two_border_color__hover_enabled=&#8220;off&#8220; button_border_radius__hover_enabled=&#8220;off&#8220; button_one_border_radius__hover_enabled=&#8220;off&#8220; button_two_border_radius__hover_enabled=&#8220;off&#8220; button_letter_spacing__hover_enabled=&#8220;off&#8220; button_one_letter_spacing__hover_enabled=&#8220;off&#8220; button_two_letter_spacing__hover_enabled=&#8220;off&#8220; button_bg_color__hover_enabled=&#8220;off&#8220; button_one_bg_color__hover_enabled=&#8220;off&#8220; button_two_bg_color__hover_enabled=&#8220;off&#8220; _module_preset=&#8220;default&#8220;][\/et_pb_button][\/et_pb_column][\/et_pb_row][\/et_pb_section][et_pb_section fb_built=&#8220;1&#8243; make_equal=&#8220;on&#8220; use_custom_gutter=&#8220;on&#8220; gutter_width=&#8220;1&#8243; specialty=&#8220;on&#8220; background_color_2=&#8220;#AF2237&#8243; padding_top_1=&#8220;150px&#8220; padding_top_2=&#8220;150px&#8220; padding_right_1=&#8220;60px&#8220; padding_right_2=&#8220;10%&#8220; padding_bottom_1=&#8220;150px&#8220; padding_bottom_2=&#8220;150px&#8220; padding_left_1=&#8220;10%&#8220; padding_left_2=&#8220;60px&#8220; padding_top_bottom_link_1=&#8220;true&#8220; padding_top_bottom_link_2=&#8220;true&#8220; padding_1_tablet=&#8220;|0%||0%||true&#8220; padding_2_tablet=&#8220;40px|10%|100px|10%||true&#8220; padding_1_phone=&#8220;&#8220; padding_2_phone=&#8220;&#8220; padding_1_last_edited=&#8220;on|desktop&#8220; padding_2_last_edited=&#8220;on|desktop&#8220; module_class=&#8220; et_pb_specialty_fullwidth&#8220; _builder_version=&#8220;4.22.2&#8243; use_background_color_gradient=&#8220;on&#8220; background_color_gradient_stops=&#8220;rgba(24,30,36,0.9) 0%|rgba(213,26,39,0.69) 100%&#8220; background_color_gradient_overlays_image=&#8220;on&#8220; background_color_gradient_start=&#8220;rgba(24,30,36,0.9)&#8220; background_color_gradient_end=&#8220;rgba(213,26,39,0.69)&#8220; background_image=&#8220;https:\/\/www.vds-getriebe.at\/vdshtml\/wp-content\/uploads\/2023\/11\/VDS_Getriebe_Header5.jpg&#8220; inner_width=&#8220;100%&#8220; inner_width_tablet=&#8220;100%&#8220; inner_width_phone=&#8220;100%&#8220; inner_width_last_edited=&#8220;on|desktop&#8220; inner_max_width=&#8220;100%&#8220; inner_max_width_tablet=&#8220;100%&#8220; inner_max_width_phone=&#8220;100%&#8220; inner_max_width_last_edited=&#8220;on|desktop&#8220; custom_padding=&#8220;0px||0px||true&#8220; bottom_divider_arrangement=&#8220;above_content&#8220; animation_direction=&#8220;bottom&#8220; box_shadow_style=&#8220;preset7&#8243; box_shadow_horizontal=&#8220;0px&#8220; box_shadow_vertical=&#8220;80px&#8220; box_shadow_color=&#8220;#ffffff&#8220; make_fullwidth=&#8220;on&#8220; saved_tabs=&#8220;all&#8220; global_colors_info=&#8220;{}&#8220; _module_preset=&#8220;default&#8220; theme_builder_area=&#8220;post_content&#8220;][et_pb_column type=&#8220;1_2&#8243; specialty_columns=&#8220;2&#8243; _builder_version=&#8220;4.16&#8243; custom_padding=&#8220;|||&#8220; global_colors_info=&#8220;{}&#8220; padding_tablet=&#8220;|0%||0%||true&#8220; padding_last_edited=&#8220;on|desktop&#8220; custom_padding__hover=&#8220;|||&#8220; padding_phone=&#8220;|0%||0%||true&#8220; _module_preset=&#8220;default&#8220;][et_pb_row_inner _builder_version=&#8220;4.16&#8243; custom_padding=&#8220;0|0px|0|0px|true|false&#8220; global_colors_info=&#8220;{}&#8220; _module_preset=&#8220;default&#8220;][et_pb_column_inner saved_specialty_column_type=&#8220;1_2&#8243; _builder_version=&#8220;4.16&#8243; custom_padding=&#8220;|||&#8220; global_colors_info=&#8220;{}&#8220; custom_padding__hover=&#8220;|||&#8220; _module_preset=&#8220;default&#8220;][et_pb_text admin_label=&#8220;Get In Touch Title&#8220; _builder_version=&#8220;4.22.2&#8243; text_font=&#8220;Lato||||||||&#8220; text_font_size=&#8220;22px&#8220; text_line_height=&#8220;1.8em&#8220; header_font=&#8220;||||||||&#8220; header_2_font=&#8220;Teko||||||||&#8220; header_2_font_size=&#8220;96px&#8220; background_layout=&#8220;dark&#8220; custom_margin=&#8220;|||&#8220; header_2_font_size_tablet=&#8220;66px&#8220; header_2_font_size_phone=&#8220;36px&#8220; header_2_font_size_last_edited=&#8220;on|phone&#8220; locked=&#8220;off&#8220; global_colors_info=&#8220;{}&#8220; _module_preset=&#8220;default&#8220;]<\/p>\n<h2>Kontakt<\/h2>\n<p>[\/et_pb_text][et_pb_text admin_label=&#8220;Phone&#8220; _builder_version=&#8220;4.22.2&#8243; text_font=&#8220;Teko|500|||||||&#8220; text_font_size=&#8220;40px&#8220; text_line_height=&#8220;2em&#8220; background_layout=&#8220;dark&#8220; custom_margin=&#8220;|||&#8220; locked=&#8220;off&#8220; global_colors_info=&#8220;{}&#8220; _module_preset=&#8220;default&#8220;]<\/p>\n<p>+43 7253 880 800<\/p>\n<p>[\/et_pb_text][\/et_pb_column_inner][\/et_pb_row_inner][et_pb_row_inner column_structure=&#8220;1_2,1_2&#8243; use_custom_gutter=&#8220;on&#8220; gutter_width=&#8220;2&#8243; _builder_version=&#8220;4.16&#8243; global_colors_info=&#8220;{}&#8220; _module_preset=&#8220;default&#8220;][et_pb_column_inner type=&#8220;1_2&#8243; saved_specialty_column_type=&#8220;1_2&#8243; _builder_version=&#8220;4.16&#8243; custom_padding=&#8220;|||&#8220; global_colors_info=&#8220;{}&#8220; custom_padding__hover=&#8220;|||&#8220; _module_preset=&#8220;default&#8220;][et_pb_text admin_label=&#8220;Address Title&#8220; _builder_version=&#8220;4.22.2&#8243; text_font=&#8220;Lato||||||||&#8220; text_font_size=&#8220;18px&#8220; text_line_height=&#8220;1.8em&#8220; header_font=&#8220;||||||||&#8220; header_4_font=&#8220;Teko|500|||||||&#8220; header_4_font_size=&#8220;22px&#8220; background_layout=&#8220;dark&#8220; custom_margin=&#8220;|||&#8220; locked=&#8220;off&#8220; global_colors_info=&#8220;{}&#8220; _module_preset=&#8220;default&#8220;]<\/p>\n<h4>Ort<\/h4>\n<p>Gewerbepark 6<br \/>4493 Wolfern | Austria<\/p>\n<p>[\/et_pb_text][\/et_pb_column_inner][et_pb_column_inner type=&#8220;1_2&#8243; saved_specialty_column_type=&#8220;1_2&#8243; _builder_version=&#8220;4.16&#8243; custom_padding=&#8220;|||&#8220; global_colors_info=&#8220;{}&#8220; custom_padding__hover=&#8220;|||&#8220; _module_preset=&#8220;default&#8220;][\/et_pb_column_inner][\/et_pb_row_inner][\/et_pb_column][et_pb_column type=&#8220;1_2&#8243; _builder_version=&#8220;4.16&#8243; background_color=&#8220;#c10f1b&#8220; custom_padding=&#8220;|||&#8220; global_colors_info=&#8220;{}&#8220; padding_tablet=&#8220;40px|10%|100px|10%||true&#8220; padding_last_edited=&#8220;on|desktop&#8220; custom_padding__hover=&#8220;|||&#8220; padding_phone=&#8220;40px|10%|100px|10%||true&#8220; _module_preset=&#8220;default&#8220;][et_pb_contact_form captcha=&#8220;off&#8220; title=&#8220;Mail an uns&#8220; submit_button_text=&#8220;Senden&#8220; module_id=&#8220;et_pb_contact_form_0&#8243; _builder_version=&#8220;4.22.2&#8243; form_field_background_color=&#8220;rgba(0,0,0,0.15)&#8220; form_field_text_color=&#8220;#ffffff&#8220; title_font=&#8220;Teko||||||||&#8220; title_text_color=&#8220;#ffffff&#8220; title_font_size=&#8220;40px&#8220; title_line_height=&#8220;1.2em&#8220; form_field_font=&#8220;Lato||||||||&#8220; form_field_font_size=&#8220;16px&#8220; custom_button=&#8220;on&#8220; button_text_color=&#8220;#c10f1b&#8220; button_bg_color=&#8220;#ffffff&#8220; button_border_width=&#8220;8px&#8220; button_border_color=&#8220;#ffffff&#8220; button_border_radius=&#8220;0px&#8220; button_letter_spacing=&#8220;4px&#8220; button_font=&#8220;Teko|||on|||||&#8220; button_icon=&#8220;&#x24;||divi||400&#8243; form_background_color=&#8220;rgba(0,0,0,0.15)&#8220; locked=&#8220;off&#8220; global_colors_info=&#8220;{}&#8220; _module_preset=&#8220;default&#8220;][et_pb_contact_field field_id=&#8220;Name&#8220; field_title=&#8220;Name&#8220; fullwidth_field=&#8220;on&#8220; _builder_version=&#8220;4.16&#8243; global_colors_info=&#8220;{}&#8220; button_text_size__hover_enabled=&#8220;off&#8220; button_one_text_size__hover_enabled=&#8220;off&#8220; button_two_text_size__hover_enabled=&#8220;off&#8220; button_text_color__hover_enabled=&#8220;off&#8220; button_one_text_color__hover_enabled=&#8220;off&#8220; button_two_text_color__hover_enabled=&#8220;off&#8220; button_border_width__hover_enabled=&#8220;off&#8220; button_one_border_width__hover_enabled=&#8220;off&#8220; button_two_border_width__hover_enabled=&#8220;off&#8220; button_border_color__hover_enabled=&#8220;off&#8220; button_one_border_color__hover_enabled=&#8220;off&#8220; button_two_border_color__hover_enabled=&#8220;off&#8220; button_border_radius__hover_enabled=&#8220;off&#8220; button_one_border_radius__hover_enabled=&#8220;off&#8220; button_two_border_radius__hover_enabled=&#8220;off&#8220; button_letter_spacing__hover_enabled=&#8220;off&#8220; button_one_letter_spacing__hover_enabled=&#8220;off&#8220; button_two_letter_spacing__hover_enabled=&#8220;off&#8220; button_bg_color__hover_enabled=&#8220;off&#8220; button_one_bg_color__hover_enabled=&#8220;off&#8220; button_two_bg_color__hover_enabled=&#8220;off&#8220; _module_preset=&#8220;default&#8220;][\/et_pb_contact_field][et_pb_contact_field field_id=&#8220;Email&#8220; field_title=&#8220;Email &#8220; field_type=&#8220;email&#8220; fullwidth_field=&#8220;on&#8220; _builder_version=&#8220;4.22.2&#8243; global_colors_info=&#8220;{}&#8220; button_text_size__hover_enabled=&#8220;off&#8220; button_one_text_size__hover_enabled=&#8220;off&#8220; button_two_text_size__hover_enabled=&#8220;off&#8220; button_text_color__hover_enabled=&#8220;off&#8220; button_one_text_color__hover_enabled=&#8220;off&#8220; button_two_text_color__hover_enabled=&#8220;off&#8220; button_border_width__hover_enabled=&#8220;off&#8220; button_one_border_width__hover_enabled=&#8220;off&#8220; button_two_border_width__hover_enabled=&#8220;off&#8220; button_border_color__hover_enabled=&#8220;off&#8220; button_one_border_color__hover_enabled=&#8220;off&#8220; button_two_border_color__hover_enabled=&#8220;off&#8220; button_border_radius__hover_enabled=&#8220;off&#8220; button_one_border_radius__hover_enabled=&#8220;off&#8220; button_two_border_radius__hover_enabled=&#8220;off&#8220; button_letter_spacing__hover_enabled=&#8220;off&#8220; button_one_letter_spacing__hover_enabled=&#8220;off&#8220; button_two_letter_spacing__hover_enabled=&#8220;off&#8220; button_bg_color__hover_enabled=&#8220;off&#8220; button_one_bg_color__hover_enabled=&#8220;off&#8220; button_two_bg_color__hover_enabled=&#8220;off&#8220; _module_preset=&#8220;default&#8220;][\/et_pb_contact_field][et_pb_contact_field field_id=&#8220;Message&#8220; field_title=&#8220;Nachricht&#8220; field_type=&#8220;text&#8220; fullwidth_field=&#8220;on&#8220; _builder_version=&#8220;4.22.2&#8243; global_colors_info=&#8220;{}&#8220; button_text_size__hover_enabled=&#8220;off&#8220; button_one_text_size__hover_enabled=&#8220;off&#8220; button_two_text_size__hover_enabled=&#8220;off&#8220; button_text_color__hover_enabled=&#8220;off&#8220; button_one_text_color__hover_enabled=&#8220;off&#8220; button_two_text_color__hover_enabled=&#8220;off&#8220; button_border_width__hover_enabled=&#8220;off&#8220; button_one_border_width__hover_enabled=&#8220;off&#8220; button_two_border_width__hover_enabled=&#8220;off&#8220; button_border_color__hover_enabled=&#8220;off&#8220; button_one_border_color__hover_enabled=&#8220;off&#8220; button_two_border_color__hover_enabled=&#8220;off&#8220; button_border_radius__hover_enabled=&#8220;off&#8220; button_one_border_radius__hover_enabled=&#8220;off&#8220; button_two_border_radius__hover_enabled=&#8220;off&#8220; button_letter_spacing__hover_enabled=&#8220;off&#8220; button_one_letter_spacing__hover_enabled=&#8220;off&#8220; button_two_letter_spacing__hover_enabled=&#8220;off&#8220; button_bg_color__hover_enabled=&#8220;off&#8220; button_one_bg_color__hover_enabled=&#8220;off&#8220; button_two_bg_color__hover_enabled=&#8220;off&#8220; _module_preset=&#8220;default&#8220;][\/et_pb_contact_field][\/et_pb_contact_form][\/et_pb_column][\/et_pb_section]<\/p>\n","protected":false},"excerpt":{"rendered":"<p>VPD &#8211; Variable Power Divider &nbsp;VPD Getriebe (Variable Power Divider) Das VPD-Getriebe ist ein variabel steuerbares Getriebemodul, welches zwischen dem Verbrennungsmotor und einem Automatik- (AT) oder automatisiertem Schaltgetriebe (AMT) eingebaut wird (Sandwich-Konfiguration). Durch Verwendung des VPD Getriebemoduls wird ein konventioneller Antriebsstrang zu einem stufenlosen Antriebsstrang. Im VPD-Getriebe ist ein Nebenabtrieb (PTO) installiert, welcher \u00fcber eine Lamellenkupplung direkt mit dem Verbrennungsmotor gekoppelt werden kann. Kernelement des VPD-Getriebes ist ein Planeten-\u00dcberlagerungsgetriebe mit hydrostatischem Variator. Damit kann die Eingangsdrehzahl in das Automat- oder automatisierte Schaltgetriebe unabh\u00e4ngig von der aktuellen Motordrehzahl geregelt werden. Der wesentliche funktionale Vorteil des VPD Getriebes ist, dass Arbeitsger\u00e4te vom Fahrzeug-Antriebsmotor \u00fcber Nebenabtriebe mit der gew\u00fcnschten Drehzahl angetrieben werden k\u00f6nnen bei gleichzeitiger stufenloser Vorgabe der gew\u00fcnschten Fahrgeschwindigkeit. Ein typisches Einsatzgebiet f\u00fcr das VPD-Getriebemodul sind LKW-Kehrmaschinen. Zusatzmotoren zum Antrieb der Nebenaggregate sind nicht erforderlich.Funktionalit\u00e4t:\u00a0 Transportmodus: Das \u00dcbersetzungsverh\u00e4ltnis vom Motor zum Fahrzeuggetriebe bleibt in diesem Modus unver\u00e4ndert stabil. Mittels Fahrpedal oder Tempomat wird die Fahrzeuggeschwindigkeit gesteuert. Arbeitsmodus: Die Motordrehzahl wird vom Fahrer fix eingestellt. Die VPD-Steuerung regelt die Eingangsdrehzahl zum Fahrzeuggetriebe (AT oder AMT) und bestimmt damit die Geschwindigkeit des Fahrzeugs. Das angebaute Arbeitsger\u00e4t wird im Arbeitsmodus mit konstanter Drehzahl angetrieben. &nbsp; Vorteile: Stufenlose Steuerung der Fahrzeuggeschwindigkeit bei konstanter Motor- und PTO-Drehzahl [&hellip;]<\/p>\n","protected":false},"author":2,"featured_media":0,"parent":0,"menu_order":0,"comment_status":"closed","ping_status":"closed","template":"","meta":{"_et_pb_use_builder":"on","_et_pb_old_content":"<!-- wp:divi\/placeholder \/-->","_et_gb_content_width":"","footnotes":""},"class_list":["post-7761","page","type-page","status-publish","hentry"],"_links":{"self":[{"href":"https:\/\/www.vds-getriebe.at\/vdshtml\/wp-json\/wp\/v2\/pages\/7761","targetHints":{"allow":["GET"]}}],"collection":[{"href":"https:\/\/www.vds-getriebe.at\/vdshtml\/wp-json\/wp\/v2\/pages"}],"about":[{"href":"https:\/\/www.vds-getriebe.at\/vdshtml\/wp-json\/wp\/v2\/types\/page"}],"author":[{"embeddable":true,"href":"https:\/\/www.vds-getriebe.at\/vdshtml\/wp-json\/wp\/v2\/users\/2"}],"replies":[{"embeddable":true,"href":"https:\/\/www.vds-getriebe.at\/vdshtml\/wp-json\/wp\/v2\/comments?post=7761"}],"version-history":[{"count":3,"href":"https:\/\/www.vds-getriebe.at\/vdshtml\/wp-json\/wp\/v2\/pages\/7761\/revisions"}],"predecessor-version":[{"id":7966,"href":"https:\/\/www.vds-getriebe.at\/vdshtml\/wp-json\/wp\/v2\/pages\/7761\/revisions\/7966"}],"wp:attachment":[{"href":"https:\/\/www.vds-getriebe.at\/vdshtml\/wp-json\/wp\/v2\/media?parent=7761"}],"curies":[{"name":"wp","href":"https:\/\/api.w.org\/{rel}","templated":true}]}}