{"id":7769,"date":"2025-04-03T12:10:19","date_gmt":"2025-04-03T10:10:19","guid":{"rendered":"https:\/\/www.vds-getriebe.at\/vdshtml\/?page_id=7769"},"modified":"2025-04-04T07:58:57","modified_gmt":"2025-04-04T05:58:57","slug":"herstellung-von-getrieben-u-getriebekomponenten","status":"publish","type":"page","link":"https:\/\/www.vds-getriebe.at\/vdshtml\/herstellung-von-getrieben-u-getriebekomponenten\/","title":{"rendered":"Herstellung von Getrieben u. Getriebekomponenten"},"content":{"rendered":"<p>[et_pb_section fb_built=&#8220;1&#8243; fullwidth=&#8220;on&#8220; _builder_version=&#8220;4.27.2&#8243; _module_preset=&#8220;default&#8220; custom_margin=&#8220;0px||0px||false|false&#8220; custom_padding=&#8220;0px||0px||false|false&#8220; global_colors_info=&#8220;{}&#8220;][et_pb_fullwidth_slider _builder_version=&#8220;4.27.4&#8243; _module_preset=&#8220;default&#8220; header_font_size=&#8220;45px&#8220; body_font=&#8220;Montserrat||||||||&#8220; body_font_size=&#8220;11px&#8220; use_background_color_gradient=&#8220;on&#8220; background_color_gradient_direction=&#8220;54deg&#8220; background_color_gradient_stops=&#8220;rgba(0,0,0,0.37) 1%|rgba(0, 35, 73, 0.65) 31%|rgba(0,38,79,0.67) 88%&#8220; background_color_gradient_overlays_image=&#8220;on&#8220; custom_button=&#8220;on&#8220; button_text_size=&#8220;23px&#8220; button_font=&#8220;Teko||||||||&#8220; custom_margin=&#8220;0px||||false|false&#8220; custom_padding=&#8220;0px||||false|false&#8220; hover_enabled=&#8220;0&#8243; background_last_edited=&#8220;on|phone&#8220; global_colors_info=&#8220;{}&#8220; sticky_enabled=&#8220;0&#8243;][et_pb_slide heading=&#8220;Herstellung von Getrieben und Getriebekomponenten&#8220; _builder_version=&#8220;4.27.4&#8243; _module_preset=&#8220;default&#8220; header_font=&#8220;Teko|500|||||||&#8220; header_font_size=&#8220;5vw&#8220; header_font_size_last_edited=&#8220;on|phone&#8220; hover_enabled=&#8220;0&#8243; sticky_enabled=&#8220;0&#8243; header_font_size_phone=&#8220;7vw&#8220; header_text_align=&#8220;left&#8220; body_font=&#8220;Montserrat|500|||||||&#8220; body_font_size=&#8220;17px&#8220; body_line_height=&#8220;1.4em&#8220; body_font_size_last_edited=&#8220;on|phone&#8220; background_enable_color=&#8220;off&#8220; use_background_color_gradient=&#8220;on&#8220; background_color_gradient_stops=&#8220;rgba(21,49,78,0.46) 1%|rgba(21,49,78,0.45) 100%&#8220; title_text=&#8220;VDS_Driveline_Header&#8220; background_image=&#8220;https:\/\/www.vds-getriebe.at\/vdshtml\/wp-content\/uploads\/2025\/04\/VDS_Driveline_Header.jpg&#8220; background_enable_image=&#8220;on&#8220; background_last_edited=&#8220;on|phone&#8220; parallax_phone=&#8220;on&#8220; background_color_gradient_overlays_image_phone=&#8220;on&#8220; header_font_size_tablet=&#8220;5vw&#8220; body_font_size_tablet=&#8220;17px&#8220; body_font_size_phone=&#8220;17px&#8220;]<\/p>\n<p style=\"text-align: left;\">VDS Driveline GmbH wurde im Jahr 2018 gegr\u00fcndet mit dem Ziel komplexe Getriebe auch f\u00fcr kleine und mittlere St\u00fcckzahlen zu konkurrenzf\u00e4higen Preisen herzustellen. Unsere Expertise und unser Engagement in der serienm\u00e4\u00dfigen Herstellung von Getrieben ist wegweisend.<br \/>VDS Driveline bietet die Herstellung individuell angepasster Antriebsl\u00f6sungen, welche h\u00f6chsten Qualit\u00e4tsstandards entsprechen.<br \/>Neben konventionellen Getrieben f\u00fcr elektrische Antriebe umfasst unser Portfolio die Fertigung von Powersplit-Getrieben f\u00fcr Arbeitsmaschinen und Stufenlosgetrieben f\u00fcr Traktoren, Kommunalfahrzeuge und Forstmaschinen. Als verl\u00e4sslicher Partner mit hoher Expertise und gro\u00dfer Produktvielfalt, bieten wir selbst f\u00fcr kleine Bedarfsmengen kosteneffiziente und qualitativ hochwertige L\u00f6sungen an.<br \/>VDS Driveline \u2013 Ihr Partner f\u00fcr die Herstellung innovativer Getriebel\u00f6sungen.<\/p>\n<p>[\/et_pb_slide][\/et_pb_fullwidth_slider][\/et_pb_section][et_pb_section fb_built=&#8220;1&#8243; admin_label=&#8220;About Us&#8220; _builder_version=&#8220;4.27.4&#8243; _module_preset=&#8220;default&#8220; background_color=&#8220;rgba(112,111,111,0.1)&#8220; background_enable_image=&#8220;off&#8220; background_size=&#8220;custom&#8220; background_image_width=&#8220;12%&#8220; background_position=&#8220;bottom_left&#8220; background_horizontal_offset=&#8220;2%&#8220; background_vertical_offset=&#8220;81%&#8220; custom_padding=&#8220;2px|0px||0px|false|false&#8220; global_colors_info=&#8220;{}&#8220;][et_pb_row _builder_version=&#8220;4.23.4&#8243; _module_preset=&#8220;default&#8220; global_colors_info=&#8220;{}&#8220;][et_pb_column type=&#8220;4_4&#8243; _builder_version=&#8220;4.23.4&#8243; _module_preset=&#8220;default&#8220; global_colors_info=&#8220;{}&#8220;][et_pb_text _builder_version=&#8220;4.27.4&#8243; _module_preset=&#8220;default&#8220; header_2_font=&#8220;Teko|500|||||||&#8220; header_2_text_align=&#8220;center&#8220; header_2_font_size=&#8220;65px&#8220; header_2_font_size_tablet=&#8220;50px&#8220; header_2_font_size_phone=&#8220;36px&#8220; header_2_font_size_last_edited=&#8220;on|phone&#8220; global_colors_info=&#8220;{}&#8220;]<\/p>\n<h2>Getriebel\u00f6sungen f\u00fcr mehr Mobilit\u00e4t<\/h2>\n<p><b>Die VDS Driveline GmbH ist auf die Herstellung von komplexen Getrieben und Antriebssystemen spezialisiert. Dabei konzentrieren wir uns auf spezifische Nischenanwendungen und deren Kunden.<\/b><\/p>\n<p>Wir liefern einbaufertige Systeme inklusive elektronischer Steuerung mit abgestimmten Schnittstellenl\u00f6sungen.<\/p>\n<p>Weiters kann die VDS Driveline GmbH selbstverst\u00e4ndlich auch Baugruppen und Module herstellen und liefern. Einige Beispiele sind hier Planetengetriebe, Kupplungseinheiten, Pumpen und dergleichen mehr \u2026!<\/p>\n<p>Wir setzen in unseren Getriebel\u00f6sungen modulare Baugruppen und Komponenten ein. Dadurch erreichen wir h\u00f6here St\u00fcckzahlen in den Kernkomponenten und somit wettbewerbsf\u00e4hige Herstellkosten. Diese wiederum sichern unseren Kunden wirtschaftliche Vorteile.<\/p>\n<p>Die m\u00f6glichen Lieferst\u00fcckzahlen beginnen bei Losgr\u00f6\u00dfe 1 bis zu mehreren 100 Einheiten pro Jahr.<\/p>\n<p>Der Prozess von Entwicklung, Prototypenbau bis zur Serienmontage st\u00fctzt sich auf das hohe Know-how und die langj\u00e4hrige Erfahrung unseres Montagepersonals, welches fr\u00fchzeitig in den Entstehungsprozess unserer Produkte eingebunden wird.<\/p>\n<p>&nbsp;<\/p>\n<p>[\/et_pb_text][\/et_pb_column][\/et_pb_row][et_pb_row column_structure=&#8220;3_5,2_5&#8243; _builder_version=&#8220;4.27.0&#8243; _module_preset=&#8220;default&#8220; global_colors_info=&#8220;{}&#8220;][et_pb_column type=&#8220;3_5&#8243; _builder_version=&#8220;4.27.0&#8243; _module_preset=&#8220;default&#8220; global_colors_info=&#8220;{}&#8220;][et_pb_image src=&#8220;https:\/\/www.vds-getriebe.at\/vdshtml\/wp-content\/uploads\/2025\/04\/VDSGetriebe_Driveline.png&#8220; title_text=&#8220;VDSGetriebe_Driveline&#8220; _builder_version=&#8220;4.27.2&#8243; _module_preset=&#8220;default&#8220; global_colors_info=&#8220;{}&#8220;][\/et_pb_image][\/et_pb_column][et_pb_column type=&#8220;2_5&#8243; _builder_version=&#8220;4.27.0&#8243; _module_preset=&#8220;default&#8220; global_colors_info=&#8220;{}&#8220;][et_pb_image src=&#8220;https:\/\/www.vds-getriebe.at\/vdshtml\/wp-content\/uploads\/2025\/04\/VDS_DriveLineSolution.jpg&#8220; title_text=&#8220;VDS_DriveLineSolution&#8220; _builder_version=&#8220;4.27.0&#8243; _module_preset=&#8220;default&#8220; global_colors_info=&#8220;{}&#8220;][\/et_pb_image][\/et_pb_column][\/et_pb_row][\/et_pb_section][et_pb_section fb_built=&#8220;1&#8243; admin_label=&#8220;About Us&#8220; _builder_version=&#8220;4.27.4&#8243; _module_preset=&#8220;default&#8220; background_color=&#8220;rgba(112,111,111,0.1)&#8220; background_image=&#8220;https:\/\/www.vds-getriebe.at\/vdshtml\/wp-content\/uploads\/2025\/04\/outline_logo_vds_weiss.png&#8220; background_size=&#8220;custom&#8220; background_image_width=&#8220;14%&#8220; background_position=&#8220;bottom_left&#8220; background_horizontal_offset=&#8220;98%&#8220; background_vertical_offset=&#8220;81%&#8220; custom_padding=&#8220;2px|0px||0px|false|false&#8220; global_colors_info=&#8220;{}&#8220;][et_pb_row _builder_version=&#8220;4.23.4&#8243; _module_preset=&#8220;default&#8220; global_colors_info=&#8220;{}&#8220;][et_pb_column type=&#8220;4_4&#8243; _builder_version=&#8220;4.23.4&#8243; _module_preset=&#8220;default&#8220; global_colors_info=&#8220;{}&#8220;][et_pb_text _builder_version=&#8220;4.27.4&#8243; _module_preset=&#8220;default&#8220; text_font=&#8220;Montserrat||||||||&#8220; header_font=&#8220;Teko||||||||&#8220; header_text_color=&#8220;#AF2237&#8243; header_font_size=&#8220;60px&#8220; header_2_font=&#8220;Teko||||||||&#8220; header_2_text_color=&#8220;#AF2237&#8243; header_2_font_size=&#8220;40px&#8220; header_3_text_color=&#8220;#AF2237&#8243; header_4_font=&#8220;Teko||||||||&#8220; header_4_text_color=&#8220;#AF2237&#8243; header_4_font_size=&#8220;40px&#8220; header_font_size_tablet=&#8220;50px&#8220; header_font_size_phone=&#8220;28px&#8220; header_font_size_last_edited=&#8220;on|phone&#8220; global_colors_info=&#8220;{}&#8220;]<\/p>\n<h1>Serienproduktion bei VDS Driveline<\/h1>\n<p><strong>Auf Qualit\u00e4t und Effizienz fokussierte Herstellung von Getriebesystemen:<\/strong><br \/>Die VDS Driveline GmbH ist Ihr Partner f\u00fcr die serienm\u00e4\u00dfige Produktion von Antriebssystemen. Seit unserer Gr\u00fcndung im Jahr 2018 konzentrieren wir uns auf die Herstellung von Getrieben, Getriebebaugruppen, Komponenten, und komplexen Funktionseinheiten.<\/p>\n<p>In enger Kooperation mit Fertigungspartners haben wir uns auf kleine bis mittlere St\u00fcckzahlen spezialisiert. Von Losgr\u00f6\u00dfe 1 bis zu einigen hundert Einheiten pro Jahr stehen wir an der Seite unserer Kunden.<\/p>\n<p>Unsere flexible Firmenstruktur erm\u00f6glicht uns, effizient auf spezielle Anforderungen einzugehen. Ein gut organisiertes Beschaffungs- und Logistiksystem, sehr gut ausgebildete und erfahrene Mitarbeiter\/innen in der Montage und eine umfangreiche Pr\u00fcfung von Systemen auf unseren End-of-Line Pr\u00fcfst\u00e4nden gew\u00e4hrleistet beste Produktqualit\u00e4t.<\/p>\n<p>&nbsp;<\/p>\n<p>[\/et_pb_text][\/et_pb_column][\/et_pb_row][et_pb_row use_custom_gutter=&#8220;on&#8220; gutter_width=&#8220;2&#8243; make_equal=&#8220;on&#8220; _builder_version=&#8220;4.27.4&#8243; _module_preset=&#8220;default&#8220; width=&#8220;100%&#8220; max_width=&#8220;2347px&#8220; custom_margin=&#8220;||0px||false|false&#8220; custom_padding=&#8220;||0px||false|false&#8220; global_colors_info=&#8220;{}&#8220;][et_pb_column type=&#8220;4_4&#8243; _builder_version=&#8220;4.27.0&#8243; _module_preset=&#8220;default&#8220; global_colors_info=&#8220;{}&#8220;][dsm_card_carousel slide_to_show=&#8220;5&#8243; space_between=&#8220;8&#8243; arrows=&#8220;off&#8220; dots=&#8220;off&#8220; stretch_image=&#8220;off&#8220; _builder_version=&#8220;4.27.4&#8243; _module_preset=&#8220;default&#8220; global_colors_info=&#8220;{}&#8220;][dsm_card_carousel_child image=&#8220;https:\/\/www.vds-getriebe.at\/vdshtml\/wp-content\/uploads\/2025\/04\/Serienfertigung_VDS_Driveline.png&#8220; button_url_new_window=&#8220;1&#8243; _builder_version=&#8220;4.27.4&#8243; _module_preset=&#8220;default&#8220; header_font=&#8220;Teko||||||||&#8220; header_font_size=&#8220;24px&#8220; body_font=&#8220;Lato||||||||&#8220; global_colors_info=&#8220;{}&#8220; filter_saturate__hover_enabled=&#8220;on|desktop&#8220; filter_saturate__hover=&#8220;100%&#8220; parent_button=&#8220;off&#8220; parent_header_level=&#8220;h4&#8243; parent_stretch_image=&#8220;off&#8220;][\/dsm_card_carousel_child][dsm_card_carousel_child image=&#8220;https:\/\/www.vds-getriebe.at\/vdshtml\/wp-content\/uploads\/2025\/04\/Serienfertigung_VDSdriveline_Getriebe2.jpg&#8220; button_url_new_window=&#8220;1&#8243; _builder_version=&#8220;4.27.4&#8243; _module_preset=&#8220;default&#8220; header_font=&#8220;Teko||||||||&#8220; header_font_size=&#8220;24px&#8220; body_font=&#8220;Lato||||||||&#8220; global_colors_info=&#8220;{}&#8220; filter_saturate__hover_enabled=&#8220;on|desktop&#8220; filter_saturate__hover=&#8220;100%&#8220; parent_button=&#8220;off&#8220; parent_header_level=&#8220;h4&#8243; parent_stretch_image=&#8220;off&#8220;][\/dsm_card_carousel_child][dsm_card_carousel_child image=&#8220;https:\/\/www.vds-getriebe.at\/vdshtml\/wp-content\/uploads\/2025\/04\/2_Serienfertigung_VDS_Driveline.png&#8220; button_url_new_window=&#8220;1&#8243; _builder_version=&#8220;4.27.4&#8243; _module_preset=&#8220;default&#8220; header_font=&#8220;Teko||||||||&#8220; header_font_size=&#8220;24px&#8220; body_font=&#8220;Lato||||||||&#8220; global_colors_info=&#8220;{}&#8220; filter_saturate__hover_enabled=&#8220;on|desktop&#8220; filter_saturate__hover=&#8220;100%&#8220; parent_button=&#8220;off&#8220; parent_header_level=&#8220;h4&#8243; parent_stretch_image=&#8220;off&#8220;][\/dsm_card_carousel_child][dsm_card_carousel_child image=&#8220;https:\/\/www.vds-getriebe.at\/vdshtml\/wp-content\/uploads\/2025\/04\/Serienfertigung_VDSdriveline_Getriebe.jpg&#8220; button_url_new_window=&#8220;1&#8243; _builder_version=&#8220;4.27.4&#8243; _module_preset=&#8220;default&#8220; header_font=&#8220;Teko||||||||&#8220; header_font_size=&#8220;24px&#8220; body_font=&#8220;Lato||||||||&#8220; global_colors_info=&#8220;{}&#8220; filter_saturate__hover_enabled=&#8220;on|desktop&#8220; filter_saturate__hover=&#8220;100%&#8220; parent_button=&#8220;off&#8220; parent_header_level=&#8220;h4&#8243; parent_stretch_image=&#8220;off&#8220;][\/dsm_card_carousel_child][dsm_card_carousel_child image=&#8220;https:\/\/www.vds-getriebe.at\/vdshtml\/wp-content\/uploads\/2025\/04\/Serienfertigung_VDS_Driveline.jpg&#8220; button_url_new_window=&#8220;1&#8243; _builder_version=&#8220;4.27.4&#8243; _module_preset=&#8220;default&#8220; header_font=&#8220;Teko||||||||&#8220; header_font_size=&#8220;24px&#8220; body_font=&#8220;Lato||||||||&#8220; global_colors_info=&#8220;{}&#8220; filter_saturate__hover_enabled=&#8220;on|desktop&#8220; filter_saturate__hover=&#8220;100%&#8220; parent_button=&#8220;off&#8220; parent_header_level=&#8220;h4&#8243; parent_stretch_image=&#8220;off&#8220;][\/dsm_card_carousel_child][\/dsm_card_carousel][\/et_pb_column][\/et_pb_row][\/et_pb_section][et_pb_section fb_built=&#8220;1&#8243; _builder_version=&#8220;4.27.4&#8243; _module_preset=&#8220;default&#8220; global_colors_info=&#8220;{}&#8220;][et_pb_row _builder_version=&#8220;4.27.4&#8243; _module_preset=&#8220;default&#8220; global_colors_info=&#8220;{}&#8220;][et_pb_column type=&#8220;4_4&#8243; _builder_version=&#8220;4.27.4&#8243; _module_preset=&#8220;default&#8220; global_colors_info=&#8220;{}&#8220;][et_pb_video src=&#8220;http:\/\/carinaw7.sg-host.com\/wp-content\/uploads\/2023\/11\/VDS_v4.6_VO3_withoutMIA.mp4&#8243; image_src=&#8220;https:\/\/www.vds-getriebe.at\/vdshtml\/wp-content\/uploads\/2025\/04\/VDS_Getriebe_HighMobility.jpg&#8220; _builder_version=&#8220;4.27.4&#8243; _module_preset=&#8220;default&#8220; width=&#8220;64%&#8220; width_tablet=&#8220;64%&#8220; width_phone=&#8220;100%&#8220; width_last_edited=&#8220;on|phone&#8220; module_alignment=&#8220;center&#8220; custom_margin=&#8220;|0px||0px|false|false&#8220; custom_padding=&#8220;|0px||0px|false|false&#8220; box_shadow_style=&#8220;preset2&#8243; box_shadow_horizontal=&#8220;30px&#8220; box_shadow_vertical=&#8220;60px&#8220; box_shadow_blur=&#8220;80px&#8220; box_shadow_spread=&#8220;-40px&#8220; box_shadow_color=&#8220;rgba(0,0,0,0.15)&#8220; global_colors_info=&#8220;{}&#8220;][\/et_pb_video][\/et_pb_column][\/et_pb_row][\/et_pb_section]<\/p>\n","protected":false},"excerpt":{"rendered":"<p>VDS Driveline GmbH wurde im Jahr 2018 gegr\u00fcndet mit dem Ziel komplexe Getriebe auch f\u00fcr kleine und mittlere St\u00fcckzahlen zu konkurrenzf\u00e4higen Preisen herzustellen. Unsere Expertise und unser Engagement in der serienm\u00e4\u00dfigen Herstellung von Getrieben ist wegweisend.VDS Driveline bietet die Herstellung individuell angepasster Antriebsl\u00f6sungen, welche h\u00f6chsten Qualit\u00e4tsstandards entsprechen.Neben konventionellen Getrieben f\u00fcr elektrische Antriebe umfasst unser Portfolio die Fertigung von Powersplit-Getrieben f\u00fcr Arbeitsmaschinen und Stufenlosgetrieben f\u00fcr Traktoren, Kommunalfahrzeuge und Forstmaschinen. Als verl\u00e4sslicher Partner mit hoher Expertise und gro\u00dfer Produktvielfalt, bieten wir selbst f\u00fcr kleine Bedarfsmengen kosteneffiziente und qualitativ hochwertige L\u00f6sungen an.VDS Driveline \u2013 Ihr Partner f\u00fcr die Herstellung innovativer Getriebel\u00f6sungen.Getriebel\u00f6sungen f\u00fcr mehr Mobilit\u00e4t Die VDS Driveline GmbH ist auf die Herstellung von komplexen Getrieben und Antriebssystemen spezialisiert. Dabei konzentrieren wir uns auf spezifische Nischenanwendungen und deren Kunden. Wir liefern einbaufertige Systeme inklusive elektronischer Steuerung mit abgestimmten Schnittstellenl\u00f6sungen. Weiters kann die VDS Driveline GmbH selbstverst\u00e4ndlich auch Baugruppen und Module herstellen und liefern. Einige Beispiele sind hier Planetengetriebe, Kupplungseinheiten, Pumpen und dergleichen mehr \u2026! Wir setzen in unseren Getriebel\u00f6sungen modulare Baugruppen und Komponenten ein. Dadurch erreichen wir h\u00f6here St\u00fcckzahlen in den Kernkomponenten und somit wettbewerbsf\u00e4hige Herstellkosten. Diese wiederum sichern unseren Kunden wirtschaftliche Vorteile. Die m\u00f6glichen Lieferst\u00fcckzahlen beginnen bei Losgr\u00f6\u00dfe 1 bis zu mehreren 100 [&hellip;]<\/p>\n","protected":false},"author":2,"featured_media":0,"parent":0,"menu_order":0,"comment_status":"closed","ping_status":"closed","template":"","meta":{"_et_pb_use_builder":"on","_et_pb_old_content":"","_et_gb_content_width":"","footnotes":""},"class_list":["post-7769","page","type-page","status-publish","hentry"],"_links":{"self":[{"href":"https:\/\/www.vds-getriebe.at\/vdshtml\/wp-json\/wp\/v2\/pages\/7769","targetHints":{"allow":["GET"]}}],"collection":[{"href":"https:\/\/www.vds-getriebe.at\/vdshtml\/wp-json\/wp\/v2\/pages"}],"about":[{"href":"https:\/\/www.vds-getriebe.at\/vdshtml\/wp-json\/wp\/v2\/types\/page"}],"author":[{"embeddable":true,"href":"https:\/\/www.vds-getriebe.at\/vdshtml\/wp-json\/wp\/v2\/users\/2"}],"replies":[{"embeddable":true,"href":"https:\/\/www.vds-getriebe.at\/vdshtml\/wp-json\/wp\/v2\/comments?post=7769"}],"version-history":[{"count":10,"href":"https:\/\/www.vds-getriebe.at\/vdshtml\/wp-json\/wp\/v2\/pages\/7769\/revisions"}],"predecessor-version":[{"id":8203,"href":"https:\/\/www.vds-getriebe.at\/vdshtml\/wp-json\/wp\/v2\/pages\/7769\/revisions\/8203"}],"wp:attachment":[{"href":"https:\/\/www.vds-getriebe.at\/vdshtml\/wp-json\/wp\/v2\/media?parent=7769"}],"curies":[{"name":"wp","href":"https:\/\/api.w.org\/{rel}","templated":true}]}}